{"id":1993,"date":"2023-07-04T16:07:59","date_gmt":"2023-07-04T14:07:59","guid":{"rendered":"http:\/\/agence-rudaz.ch\/unsere-geschichte\/"},"modified":"2023-12-06T15:59:00","modified_gmt":"2023-12-06T14:59:00","slug":"unsere-geschichte","status":"publish","type":"page","link":"http:\/\/agence-rudaz.ch\/de\/unsere-geschichte\/","title":{"rendered":"Unsere Geschichte"},"content":{"rendered":"<p>[et_pb_section fb_built=&#8220;1&#8243; fullwidth=&#8220;on&#8220; _builder_version=&#8220;4.21.0&#8243; _module_preset=&#8220;default&#8220; global_colors_info=&#8220;{}&#8220;][et_pb_fullwidth_slider _builder_version=&#8220;4.22.2&#8243; _module_preset=&#8220;default&#8220; custom_padding=&#8220;14vw||14vw||true|false&#8220; custom_padding_tablet=&#8220;16vw||16vw||true|false&#8220; custom_padding_phone=&#8220;20vw||20vw||true|false&#8220; custom_padding_last_edited=&#8220;on|phone&#8220; auto=&#8220;on&#8220; auto_speed=&#8220;3500&#8243; global_colors_info=&#8220;{}&#8220;][et_pb_slide _builder_version=&#8220;4.22.2&#8243; _module_preset=&#8220;default&#8220; background_image=&#8220;https:\/\/agence-rudaz.ch\/wp-content\/uploads\/2023\/11\/Rudaz-couverture_6.jpg&#8220; background_enable_image=&#8220;on&#8220; global_colors_info=&#8220;{}&#8220; sticky_transition=&#8220;on&#8220;][\/et_pb_slide][et_pb_slide _builder_version=&#8220;4.22.2&#8243; _module_preset=&#8220;default&#8220; background_image=&#8220;https:\/\/agence-rudaz.ch\/wp-content\/uploads\/2023\/11\/Rudaz-couverture_1.jpg&#8220; background_enable_image=&#8220;on&#8220; global_colors_info=&#8220;{}&#8220; sticky_transition=&#8220;on&#8220;][\/et_pb_slide][et_pb_slide _builder_version=&#8220;4.22.2&#8243; _module_preset=&#8220;default&#8220; background_image=&#8220;https:\/\/agence-rudaz.ch\/wp-content\/uploads\/2023\/11\/Rudaz-couverture_3.jpg&#8220; background_enable_image=&#8220;on&#8220; global_colors_info=&#8220;{}&#8220; sticky_transition=&#8220;on&#8220;][\/et_pb_slide][et_pb_slide _builder_version=&#8220;4.22.2&#8243; _module_preset=&#8220;default&#8220; background_image=&#8220;https:\/\/agence-rudaz.ch\/wp-content\/uploads\/2023\/11\/Rudaz-couverture_4.jpg&#8220; background_enable_image=&#8220;on&#8220; global_colors_info=&#8220;{}&#8220; sticky_transition=&#8220;on&#8220;][\/et_pb_slide][et_pb_slide _builder_version=&#8220;4.22.2&#8243; _module_preset=&#8220;default&#8220; background_image=&#8220;https:\/\/agence-rudaz.ch\/wp-content\/uploads\/2023\/11\/Rudaz-couverture_5.jpg&#8220; background_enable_image=&#8220;on&#8220; global_colors_info=&#8220;{}&#8220; sticky_transition=&#8220;on&#8220;][\/et_pb_slide][et_pb_slide _builder_version=&#8220;4.22.2&#8243; _module_preset=&#8220;default&#8220; background_image=&#8220;https:\/\/agence-rudaz.ch\/wp-content\/uploads\/2023\/11\/Rudaz-couverture_2.jpg&#8220; background_enable_image=&#8220;on&#8220; global_colors_info=&#8220;{}&#8220; sticky_transition=&#8220;on&#8220;][\/et_pb_slide][\/et_pb_fullwidth_slider][\/et_pb_section][et_pb_section fb_built=&#8220;1&#8243; _builder_version=&#8220;4.21.0&#8243; _module_preset=&#8220;00a70f2a-e111-4c5e-aea5-7b56964daa53&#8243; background_color=&#8220;#FFFFFF&#8220; custom_margin=&#8220;||||false|false&#8220; custom_padding=&#8220;||||false|false&#8220; collapsed=&#8220;off&#8220; global_colors_info=&#8220;{}&#8220;][et_pb_row _builder_version=&#8220;4.22.1&#8243; _module_preset=&#8220;default&#8220; global_colors_info=&#8220;{}&#8220;][et_pb_column type=&#8220;4_4&#8243; _builder_version=&#8220;4.21.0&#8243; _module_preset=&#8220;default&#8220; global_colors_info=&#8220;{}&#8220;][et_pb_text _builder_version=&#8220;4.22.1&#8243; _module_preset=&#8220;default&#8220; header_2_text_align=&#8220;center&#8220; global_colors_info=&#8220;{}&#8220;]<\/p>\n<h2>Agentur Rudaz : Unsere Geschichte<\/h2>\n<p>[\/et_pb_text][\/et_pb_column][\/et_pb_row][et_pb_row _builder_version=&#8220;4.22.1&#8243; _module_preset=&#8220;default&#8220; global_colors_info=&#8220;{}&#8220;][et_pb_column type=&#8220;4_4&#8243; _builder_version=&#8220;4.21.0&#8243; _module_preset=&#8220;default&#8220; global_colors_info=&#8220;{}&#8220;][dtlp_vertical_timeline content_bg_color=&#8220;#FFFFFF&#8220; show_date=&#8220;off&#8220; use_scroll_line=&#8220;on&#8220; connector_color=&#8220;#1B87F4&#8243; connector_bg=&#8220;#FFFFFF&#8220; connector_active_bg=&#8220;#1B87F4&#8243; active_line_color=&#8220;#1B87F4&#8243; disabled_on=&#8220;on|on|off&#8220; admin_label=&#8220;Timeline desktop&#8220; _builder_version=&#8220;4.22.1&#8243; _module_preset=&#8220;default&#8220; title_font=&#8220;|600|||||||&#8220; title_text_color=&#8220;#1B87F4&#8243; title_font_size=&#8220;20px&#8220; box_shadow_style_content=&#8220;preset1&#8243; global_colors_info=&#8220;{}&#8220;][dtlp_vertical_timeline_child icon=&#8220;&#xf111;||fa||400&#8243; title=&#8220;1969&#8243; image=&#8220;https:\/\/agence-rudaz.ch\/wp-content\/uploads\/2023\/07\/Immeuble-les-ecureuils_source_planetofhotels.jpg&#8220; image_alt=&#8220;Geb\u00e4ude Les \u00c9cureuils&#8220; description=&#8220;Jean-Louis Rudaz baut zusammen mit einer Gruppe von Freunden \u00abLes Ecureuils\u00bb, ein Geb\u00e4ude mit Wohnungen in Les Collons, die zum Verkauf angeboten werden. Gleichzeitig richtet er sich ein kleines B\u00fcro ein und er\u00f6ffnet das erste Touristenb\u00fcro in Les Collons.&#8220; connector_icon_size=&#8220;23px&#8220; _builder_version=&#8220;4.22.1&#8243; _module_preset=&#8220;default&#8220; global_colors_info=&#8220;{}&#8220;][\/dtlp_vertical_timeline_child][dtlp_vertical_timeline_child icon=&#8220;&#xf111;||fa||400&#8243; title=&#8220;1970&#8243; description=&#8220;Cr\u00e9sence, sa belle-s\u0153ur, le rejoint.Cr\u00e9sence, seine Schw\u00e4gerin, schliesst sich ihm an. . Sie k\u00fcmmert sich um die Vermietung, die Reinigung der Wohnungen und die Bettw\u00e4sche.&#8220; connector_icon_size=&#8220;23px&#8220; _builder_version=&#8220;4.22.1&#8243; _module_preset=&#8220;default&#8220; global_colors_info=&#8220;{}&#8220;][\/dtlp_vertical_timeline_child][dtlp_vertical_timeline_child icon=&#8220;&#xf111;||fa||400&#8243; title=&#8220;1972&#8243; description=&#8220;Die gleiche Gruppe \u00abLes Collons Promotion\u00bb baut das Geb\u00e4ude La Maya. Jean-Louis wird von seinem Bruder Freddy unterst\u00fctzt und sie gr\u00fcnden die Firma Jean-Louis et Freddy Rudaz SNC.&#8220; connector_icon_size=&#8220;23px&#8220; _builder_version=&#8220;4.22.1&#8243; _module_preset=&#8220;default&#8220; global_colors_info=&#8220;{}&#8220;][\/dtlp_vertical_timeline_child][dtlp_vertical_timeline_child icon=&#8220;&#xf111;||fa||400&#8243; title=&#8220;1973&#8243; image_alt=&#8220;Geb\u00e4ude Maya&#8220; description=&#8220;Das kleine B\u00fcro wird zu eng, und die Agentur zieht in die R\u00e4umlichkeiten der Familie Theytaz in das Haus La Dent-Blanche um.&#8220; connector_icon_size=&#8220;23px&#8220; _builder_version=&#8220;4.22.1&#8243; _module_preset=&#8220;default&#8220; global_colors_info=&#8220;{}&#8220;][\/dtlp_vertical_timeline_child][dtlp_vertical_timeline_child icon=&#8220;&#xf111;||fa||400&#8243; title=&#8220;2004&#8243; description=&#8220;Mit der Pensionierung von Cr\u00e9sence und Freddy stellt das Unternehmen Jean-Louis und Freddy Rudaz SNC seine T\u00e4tigkeit ein. Jean-Louis, der damals Gemeindepr\u00e4sident von Vex war, lernte Thomas Heitland kennen, einen jungen Unternehmer, der seine Kindheit auf den Pisten von Les Collons verbracht hatte. Da die beiden M\u00e4nner die Region bestens kennen, schliessen sie sich zusammen und gr\u00fcnden die Agence Rudaz S\u00e0rl. Jean-Louis widmet sich seiner Agentur in Vex und der Vertretung der Walliser Kantonalbank.&#8220; connector_icon_size=&#8220;23px&#8220; _builder_version=&#8220;4.22.1&#8243; _module_preset=&#8220;default&#8220; global_colors_info=&#8220;{}&#8220;][\/dtlp_vertical_timeline_child][dtlp_vertical_timeline_child icon=&#8220;&#xf111;||fa||400&#8243; title=&#8220;2005&#8243; description=&#8220;Nadine Rudaz, die Tochter von Jean-Louis, tritt der Agentur in einem Teilzeitpensum bei.&#8220; connector_icon_size=&#8220;23px&#8220; _builder_version=&#8220;4.22.1&#8243; _module_preset=&#8220;default&#8220; global_colors_info=&#8220;{}&#8220;][\/dtlp_vertical_timeline_child][dtlp_vertical_timeline_child icon=&#8220;&#xf111;||fa||400&#8243; title=&#8220;2006&#8243; image=&#8220;https:\/\/agence-rudaz.ch\/wp-content\/uploads\/2023\/07\/maya_source_rentalp.jpg&#8220; image_alt=&#8220;Agentur Rudaz&#8220; description=&#8220;Die neue Agentur Rudaz S\u00e0rl mietet die R\u00e4umlichkeiten im Erdgeschoss des Geb\u00e4udes La Maya, ehemals La Source, und richtet ihre neuen, heute noch aktiven B\u00fcros in der Rue des Collons 97 ein.&#8220; connector_icon_size=&#8220;23px&#8220; _builder_version=&#8220;4.22.1&#8243; _module_preset=&#8220;default&#8220; global_colors_info=&#8220;{}&#8220;][\/dtlp_vertical_timeline_child][dtlp_vertical_timeline_child icon=&#8220;&#xf111;||fa||400&#8243; title=&#8220;2009&#8243; image=&#8220;https:\/\/agence-rudaz.ch\/wp-content\/uploads\/2023\/07\/Agence_source_thyon.ch_.jpg&#8220; description=&#8220;Nach f\u00fcnf Jahren als Gesch\u00e4ftsf\u00fchrer trifft Thomas Heitland die Entscheidung, sich wieder seiner Leidenschaft, dem Sport, zuzuwenden. Heute besitzt er seine eigene Fahrradverleihfirma. Nadine \u00fcbernimmt seine Anteile und fungiert seitdem als Gesch\u00e4ftsf\u00fchrerin.&#8220; connector_icon_size=&#8220;23px&#8220; _builder_version=&#8220;4.22.1&#8243; _module_preset=&#8220;default&#8220; global_colors_info=&#8220;{}&#8220;][\/dtlp_vertical_timeline_child][\/dtlp_vertical_timeline][dtlp_vertical_timeline template=&#8220;template-2&#8243; content_bg_color=&#8220;#FFFFFF&#8220; show_date=&#8220;off&#8220; use_scroll_line=&#8220;on&#8220; connector_color=&#8220;#1B87F4&#8243; connector_bg=&#8220;#FFFFFF&#8220; connector_active_bg=&#8220;#1B87F4&#8243; active_line_color=&#8220;#1B87F4&#8243; disabled_on=&#8220;off|off|on&#8220; admin_label=&#8220;Timeline mobile&#8220; _builder_version=&#8220;4.22.1&#8243; _module_preset=&#8220;default&#8220; title_font=&#8220;|600|||||||&#8220; title_text_color=&#8220;#1B87F4&#8243; title_font_size=&#8220;20px&#8220; box_shadow_style_content=&#8220;preset1&#8243; global_colors_info=&#8220;{}&#8220;][dtlp_vertical_timeline_child icon=&#8220;&#xf111;||fa||400&#8243; title=&#8220;1969&#8243; image=&#8220;https:\/\/agence-rudaz.ch\/wp-content\/uploads\/2023\/07\/Immeuble-les-ecureuils_source_planetofhotels.jpg&#8220; image_alt=&#8220;Geb\u00e4ude Les \u00c9cureuils&#8220; description=&#8220;Jean-Louis Rudaz baut zusammen mit einer Gruppe von Freunden \u00abLes Ecureuils\u00bb, ein Geb\u00e4ude mit Wohnungen in Les Collons, die zum Verkauf angeboten werden. Gleichzeitig richtet er sich ein kleines B\u00fcro ein und er\u00f6ffnet das erste Touristenb\u00fcro in Les Collons.&#8220; connector_icon_size=&#8220;23px&#8220; _builder_version=&#8220;4.22.1&#8243; _module_preset=&#8220;default&#8220; global_colors_info=&#8220;{}&#8220;][\/dtlp_vertical_timeline_child][dtlp_vertical_timeline_child icon=&#8220;&#xf111;||fa||400&#8243; title=&#8220;1970&#8243; description=&#8220;Cr\u00e9sence, sa belle-s\u0153ur, le rejoint.Cr\u00e9sence, seine Schw\u00e4gerin, schliesst sich ihm an. . Sie k\u00fcmmert sich um die Vermietung, die Reinigung der Wohnungen und die Bettw\u00e4sche.&#8220; connector_icon_size=&#8220;23px&#8220; _builder_version=&#8220;4.21.0&#8243; _module_preset=&#8220;default&#8220; global_colors_info=&#8220;{}&#8220;][\/dtlp_vertical_timeline_child][dtlp_vertical_timeline_child icon=&#8220;&#xf111;||fa||400&#8243; title=&#8220;1972&#8243; description=&#8220;Die gleiche Gruppe \u00abLes Collons Promotion\u00bb baut das Geb\u00e4ude La Maya. Jean-Louis wird von seinem Bruder Freddy unterst\u00fctzt und sie gr\u00fcnden die Firma Jean-Louis et Freddy Rudaz SNC.&#8220; connector_icon_size=&#8220;23px&#8220; _builder_version=&#8220;4.22.1&#8243; _module_preset=&#8220;default&#8220; global_colors_info=&#8220;{}&#8220;][\/dtlp_vertical_timeline_child][dtlp_vertical_timeline_child icon=&#8220;&#xf111;||fa||400&#8243; title=&#8220;1973&#8243; image_alt=&#8220;Geb\u00e4ude Maya&#8220; description=&#8220;Das kleine B\u00fcro wird zu eng, und die Agentur zieht in die R\u00e4umlichkeiten der Familie Theytaz in das Haus La Dent-Blanche um.&#8220; connector_icon_size=&#8220;23px&#8220; _builder_version=&#8220;4.22.1&#8243; _module_preset=&#8220;default&#8220; global_colors_info=&#8220;{}&#8220;][\/dtlp_vertical_timeline_child][dtlp_vertical_timeline_child icon=&#8220;&#xf111;||fa||400&#8243; title=&#8220;2004&#8243; description=&#8220;Mit der Pensionierung von Cr\u00e9sence und Freddy stellt das Unternehmen Jean-Louis und Freddy Rudaz SNC seine T\u00e4tigkeit ein. Jean-Louis, der damals Gemeindepr\u00e4sident von Vex war, lernte Thomas Heitland kennen, einen jungen Unternehmer, der seine Kindheit auf den Pisten von Les Collons verbracht hatte. Da die beiden M\u00e4nner die Region bestens kennen, schliessen sie sich zusammen und gr\u00fcnden die Agence Rudaz S\u00e0rl. Jean-Louis widmet sich seiner Agentur in Vex und der Vertretung der Walliser Kantonalbank.&#8220; connector_icon_size=&#8220;23px&#8220; _builder_version=&#8220;4.22.1&#8243; _module_preset=&#8220;default&#8220; global_colors_info=&#8220;{}&#8220;][\/dtlp_vertical_timeline_child][dtlp_vertical_timeline_child icon=&#8220;&#xf111;||fa||400&#8243; title=&#8220;2005&#8243; description=&#8220;Nadine Rudaz, die Tochter von Jean-Louis, tritt der Agentur in einem Teilzeitpensum bei.&#8220; connector_icon_size=&#8220;23px&#8220; _builder_version=&#8220;4.22.1&#8243; _module_preset=&#8220;default&#8220; global_colors_info=&#8220;{}&#8220;][\/dtlp_vertical_timeline_child][dtlp_vertical_timeline_child icon=&#8220;&#xf111;||fa||400&#8243; title=&#8220;2006&#8243; image=&#8220;https:\/\/agence-rudaz.ch\/wp-content\/uploads\/2023\/07\/maya_source_rentalp.jpg&#8220; image_alt=&#8220;Agentur Rudaz&#8220; description=&#8220;Die neue Agentur Rudaz S\u00e0rl mietet die R\u00e4umlichkeiten im Erdgeschoss des Geb\u00e4udes La Maya, ehemals La Source, und richtet ihre neuen, heute noch aktiven B\u00fcros in der Rue des Collons 97 ein.&#8220; connector_icon_size=&#8220;23px&#8220; _builder_version=&#8220;4.22.1&#8243; _module_preset=&#8220;default&#8220; global_colors_info=&#8220;{}&#8220;][\/dtlp_vertical_timeline_child][dtlp_vertical_timeline_child icon=&#8220;&#xf111;||fa||400&#8243; title=&#8220;2009&#8243; image=&#8220;https:\/\/agence-rudaz.ch\/wp-content\/uploads\/2023\/07\/Agence_source_thyon.ch_.jpg&#8220; description=&#8220;Nach f\u00fcnf Jahren als Gesch\u00e4ftsf\u00fchrer trifft Thomas Heitland die Entscheidung, sich wieder seiner Leidenschaft, dem Sport, zuzuwenden. Heute besitzt er seine eigene Fahrradverleihfirma. Nadine \u00fcbernimmt seine Anteile und fungiert seitdem als Gesch\u00e4ftsf\u00fchrerin.&#8220; connector_icon_size=&#8220;23px&#8220; _builder_version=&#8220;4.22.1&#8243; _module_preset=&#8220;default&#8220; global_colors_info=&#8220;{}&#8220;][\/dtlp_vertical_timeline_child][\/dtlp_vertical_timeline][\/et_pb_column][\/et_pb_row][\/et_pb_section][et_pb_section fb_built=&#8220;1&#8243; _builder_version=&#8220;4.22.1&#8243; _module_preset=&#8220;default&#8220; global_colors_info=&#8220;{}&#8220;][et_pb_row _builder_version=&#8220;4.22.1&#8243; _module_preset=&#8220;default&#8220; global_colors_info=&#8220;{}&#8220;][et_pb_column type=&#8220;4_4&#8243; _builder_version=&#8220;4.22.1&#8243; _module_preset=&#8220;default&#8220; global_colors_info=&#8220;{}&#8220;][et_pb_gallery gallery_ids=&#8220;1351,1318,1321,1324,1327,1348,1330,1333,1359,1354,1339&#8243; orientation=&#8220;portrait&#8220; show_title_and_caption=&#8220;off&#8220; _builder_version=&#8220;4.22.1&#8243; _module_preset=&#8220;default&#8220; animation_style=&#8220;fade&#8220; global_colors_info=&#8220;{}&#8220;][\/et_pb_gallery][\/et_pb_column][\/et_pb_row][\/et_pb_section]<\/p>\n","protected":false},"excerpt":{"rendered":"<p>Agentur Rudaz : Unsere Geschichte<div class=\"et_pb_module dtlp_vertical_timeline dtlp_vertical_timeline_0\">\n\t\t\t\t\n\t\t\t\t\n\t\t\t\t\n\t\t\t\t\n\t\t\t\t\n\t\t\t\t\n\t\t\t\t<div class=\"et_pb_module_inner\">\n\t\t\t\t\t<div class=\"dtlp-module dtlp-vertical-timeline template-1\" data-scroll=\"on\">\r\n\t\t\t\t\r\n\t\t\t<\/div>\n\t\t\t\t<\/div>\n\t\t\t<\/div><div class=\"et_pb_module dtlp_vertical_timeline_child dtlp_vertical_timeline_child_0\">\n\t\t\t\t\n\t\t\t\t\n\t\t\t\t\n\t\t\t\t\n\t\t\t\t\n\t\t\t\t\n\t\t\t\t<div class=\"et_pb_module_inner\">\n\t\t\t\t\t<div class=\"dtlp-vt-item\">\r\n\t\t\t\t<div class=\"dtlp-vt-scroll\">\r\n\t\t\t\t\t<div class=\"dtlp-vt-scroll-inner\"><\/div>\r\n\t\t\t\t<\/div>\r\n\t\t\t\t<div class=\"dtlp-vt-content\">\r\n\t\t\t\t\t<div class=\"dtlp-vt-circle\">\r\n\t\t\t\t<span class=\"dtlp-et-icon\"><\/span>\r\n\t\t\t<\/div> <div class=\"dtlp-vt-content-inner\">\r\n\t\t\t\t<div class=\"dtlp-vt-content-left\">\r\n\t\t\t\t\t<div class=\"dtlp-vt-title\">\r\n\t\t\t\t\t<h4>&#8220;1969&#8243;<\/h4>\r\n\t\t\t\t<\/div> \r\n\t\t\t\t<\/div>\r\n\t\t\t\t<div class=\"dtlp-vt-content-right\">\r\n\t\t\t\t\t<figure class=\"dtlp-vt-figure\">\r\n\t\t\t\t\t<img decoding=\"async\" src=\"&#8220;https:\/\/agence-rudaz.ch\/wp-content\/uploads\/2023\/07\/Immeuble-les-ecureuils_source_planetofhotels.jpg&#8220;\" alt=\"&#8220;Geb\u00e4ude\" \/>\r\n\t\t\t\t<\/figure> <div class=\"dtlp-vt-desc\">\r\n\t\t\t\t\t&#8220;Jean-Louis\r\n\t\t\t\t<\/div> <div class=\"dtlp-vt-date-time\">\r\n\t\t\t\t\t\t<div class=\"dtlp-vt-date\">\r\n\t\t\t\t\t\t\tJanuary 01, 2021\r\n\t\t\t\t\t\t<\/div>\r\n\t\t\t\t\t\t<div class=\"dtlp-vt-time\">\r\n\t\t\t\t\t\t\t12:00 AM\r\n\t\t\t\t\t\t<\/div>\r\n\t\t\t\t\t<\/div>\r\n\t\t\t\t<\/div>\r\n\t\t\t<\/div>\r\n\t\t\t\t<\/div>\r\n\t\t\t<\/div>\n\t\t\t\t<\/div>\n\t\t\t<\/div><\/p>\n","protected":false},"author":3,"featured_media":0,"parent":0,"menu_order":0,"comment_status":"closed","ping_status":"closed","template":"","meta":{"_et_pb_use_builder":"on","_et_pb_old_content":"","_et_gb_content_width":"","footnotes":""},"class_list":["post-1993","page","type-page","status-publish","hentry"],"yoast_head":"<!-- This site is optimized with the Yoast SEO plugin v27.3 - https:\/\/yoast.com\/product\/yoast-seo-wordpress\/ -->\n<title>Unsere Geschichte - Agence Immobili\u00e8re Rudaz<\/title>\n<meta name=\"description\" content=\"Mit unserer 50-j\u00e4hrigen Erfahrung in der Immobilienbranche ist die Agence Rudaz eine Institution, die in der Region stark verankert ist.\" \/>\n<meta name=\"robots\" content=\"index, follow, max-snippet:-1, max-image-preview:large, max-video-preview:-1\" \/>\n<link rel=\"canonical\" href=\"http:\/\/agence-rudaz.ch\/de\/unsere-geschichte\/\" \/>\n<meta property=\"og:locale\" content=\"de_DE\" \/>\n<meta property=\"og:type\" content=\"article\" \/>\n<meta property=\"og:title\" content=\"Unsere Geschichte - Agence Immobili\u00e8re Rudaz\" \/>\n<meta property=\"og:description\" content=\"Mit unserer 50-j\u00e4hrigen Erfahrung in der Immobilienbranche ist die Agence Rudaz eine Institution, die in der Region stark verankert ist.\" \/>\n<meta property=\"og:url\" content=\"http:\/\/agence-rudaz.ch\/de\/unsere-geschichte\/\" \/>\n<meta property=\"og:site_name\" content=\"Agence Immobili\u00e8re Rudaz\" \/>\n<meta property=\"article:publisher\" content=\"https:\/\/www.facebook.com\/agencerudaz\" \/>\n<meta property=\"article:modified_time\" content=\"2023-12-06T14:59:00+00:00\" \/>\n<meta property=\"og:image\" content=\"http:\/\/agence-rudaz.ch\/wp-content\/uploads\/2023\/12\/agence-immobiliere-rudaz.jpg\" \/>\n\t<meta property=\"og:image:width\" content=\"1200\" \/>\n\t<meta property=\"og:image:height\" content=\"675\" \/>\n\t<meta property=\"og:image:type\" content=\"image\/jpeg\" \/>\n<meta name=\"twitter:card\" content=\"summary_large_image\" \/>\n<meta name=\"twitter:label1\" content=\"Gesch\u00e4tzte Lesezeit\" \/>\n\t<meta name=\"twitter:data1\" content=\"8\u00a0Minuten\" \/>\n<script type=\"application\/ld+json\" class=\"yoast-schema-graph\">{\"@context\":\"https:\\\/\\\/schema.org\",\"@graph\":[{\"@type\":\"WebPage\",\"@id\":\"http:\\\/\\\/agence-rudaz.ch\\\/de\\\/unsere-geschichte\\\/\",\"url\":\"http:\\\/\\\/agence-rudaz.ch\\\/de\\\/unsere-geschichte\\\/\",\"name\":\"Unsere Geschichte - Agence Immobili\u00e8re Rudaz\",\"isPartOf\":{\"@id\":\"http:\\\/\\\/agence-rudaz.ch\\\/de\\\/#website\"},\"datePublished\":\"2023-07-04T14:07:59+00:00\",\"dateModified\":\"2023-12-06T14:59:00+00:00\",\"description\":\"Mit unserer 50-j\u00e4hrigen Erfahrung in der Immobilienbranche ist die Agence Rudaz eine Institution, die in der Region stark verankert ist.\",\"breadcrumb\":{\"@id\":\"http:\\\/\\\/agence-rudaz.ch\\\/de\\\/unsere-geschichte\\\/#breadcrumb\"},\"inLanguage\":\"de\",\"potentialAction\":[{\"@type\":\"ReadAction\",\"target\":[\"http:\\\/\\\/agence-rudaz.ch\\\/de\\\/unsere-geschichte\\\/\"]}]},{\"@type\":\"BreadcrumbList\",\"@id\":\"http:\\\/\\\/agence-rudaz.ch\\\/de\\\/unsere-geschichte\\\/#breadcrumb\",\"itemListElement\":[{\"@type\":\"ListItem\",\"position\":1,\"name\":\"Accueil\",\"item\":\"https:\\\/\\\/agence-rudaz.ch\\\/de\\\/\"},{\"@type\":\"ListItem\",\"position\":2,\"name\":\"Unsere Geschichte\"}]},{\"@type\":\"WebSite\",\"@id\":\"http:\\\/\\\/agence-rudaz.ch\\\/de\\\/#website\",\"url\":\"http:\\\/\\\/agence-rudaz.ch\\\/de\\\/\",\"name\":\"Agence Immobili\u00e8re Rudaz\",\"description\":\"Thyon-Les Collons Valais Suisse\",\"publisher\":{\"@id\":\"http:\\\/\\\/agence-rudaz.ch\\\/de\\\/#organization\"},\"potentialAction\":[{\"@type\":\"SearchAction\",\"target\":{\"@type\":\"EntryPoint\",\"urlTemplate\":\"http:\\\/\\\/agence-rudaz.ch\\\/de\\\/?s={search_term_string}\"},\"query-input\":{\"@type\":\"PropertyValueSpecification\",\"valueRequired\":true,\"valueName\":\"search_term_string\"}}],\"inLanguage\":\"de\"},{\"@type\":\"Organization\",\"@id\":\"http:\\\/\\\/agence-rudaz.ch\\\/de\\\/#organization\",\"name\":\"Agence Immobili\u00e8re Rudaz\",\"url\":\"http:\\\/\\\/agence-rudaz.ch\\\/de\\\/\",\"logo\":{\"@type\":\"ImageObject\",\"inLanguage\":\"de\",\"@id\":\"http:\\\/\\\/agence-rudaz.ch\\\/de\\\/#\\\/schema\\\/logo\\\/image\\\/\",\"url\":\"https:\\\/\\\/agence-rudaz.ch\\\/wp-content\\\/uploads\\\/2023\\\/03\\\/logo-ag-rudaz.png\",\"contentUrl\":\"https:\\\/\\\/agence-rudaz.ch\\\/wp-content\\\/uploads\\\/2023\\\/03\\\/logo-ag-rudaz.png\",\"width\":500,\"height\":277,\"caption\":\"Agence Immobili\u00e8re Rudaz\"},\"image\":{\"@id\":\"http:\\\/\\\/agence-rudaz.ch\\\/de\\\/#\\\/schema\\\/logo\\\/image\\\/\"},\"sameAs\":[\"https:\\\/\\\/www.facebook.com\\\/agencerudaz\",\"https:\\\/\\\/www.instagram.com\\\/agencerudaz\\\/\"]}]}<\/script>\n<!-- \/ Yoast SEO plugin. -->","yoast_head_json":{"title":"Unsere Geschichte - Agence Immobili\u00e8re Rudaz","description":"Mit unserer 50-j\u00e4hrigen Erfahrung in der Immobilienbranche ist die Agence Rudaz eine Institution, die in der Region stark verankert ist.","robots":{"index":"index","follow":"follow","max-snippet":"max-snippet:-1","max-image-preview":"max-image-preview:large","max-video-preview":"max-video-preview:-1"},"canonical":"http:\/\/agence-rudaz.ch\/de\/unsere-geschichte\/","og_locale":"de_DE","og_type":"article","og_title":"Unsere Geschichte - Agence Immobili\u00e8re Rudaz","og_description":"Mit unserer 50-j\u00e4hrigen Erfahrung in der Immobilienbranche ist die Agence Rudaz eine Institution, die in der Region stark verankert ist.","og_url":"http:\/\/agence-rudaz.ch\/de\/unsere-geschichte\/","og_site_name":"Agence Immobili\u00e8re Rudaz","article_publisher":"https:\/\/www.facebook.com\/agencerudaz","article_modified_time":"2023-12-06T14:59:00+00:00","og_image":[{"width":1200,"height":675,"url":"http:\/\/agence-rudaz.ch\/wp-content\/uploads\/2023\/12\/agence-immobiliere-rudaz.jpg","type":"image\/jpeg"}],"twitter_card":"summary_large_image","twitter_misc":{"Gesch\u00e4tzte Lesezeit":"8\u00a0Minuten"},"schema":{"@context":"https:\/\/schema.org","@graph":[{"@type":"WebPage","@id":"http:\/\/agence-rudaz.ch\/de\/unsere-geschichte\/","url":"http:\/\/agence-rudaz.ch\/de\/unsere-geschichte\/","name":"Unsere Geschichte - Agence Immobili\u00e8re Rudaz","isPartOf":{"@id":"http:\/\/agence-rudaz.ch\/de\/#website"},"datePublished":"2023-07-04T14:07:59+00:00","dateModified":"2023-12-06T14:59:00+00:00","description":"Mit unserer 50-j\u00e4hrigen Erfahrung in der Immobilienbranche ist die Agence Rudaz eine Institution, die in der Region stark verankert ist.","breadcrumb":{"@id":"http:\/\/agence-rudaz.ch\/de\/unsere-geschichte\/#breadcrumb"},"inLanguage":"de","potentialAction":[{"@type":"ReadAction","target":["http:\/\/agence-rudaz.ch\/de\/unsere-geschichte\/"]}]},{"@type":"BreadcrumbList","@id":"http:\/\/agence-rudaz.ch\/de\/unsere-geschichte\/#breadcrumb","itemListElement":[{"@type":"ListItem","position":1,"name":"Accueil","item":"https:\/\/agence-rudaz.ch\/de\/"},{"@type":"ListItem","position":2,"name":"Unsere Geschichte"}]},{"@type":"WebSite","@id":"http:\/\/agence-rudaz.ch\/de\/#website","url":"http:\/\/agence-rudaz.ch\/de\/","name":"Agence Immobili\u00e8re Rudaz","description":"Thyon-Les Collons Valais Suisse","publisher":{"@id":"http:\/\/agence-rudaz.ch\/de\/#organization"},"potentialAction":[{"@type":"SearchAction","target":{"@type":"EntryPoint","urlTemplate":"http:\/\/agence-rudaz.ch\/de\/?s={search_term_string}"},"query-input":{"@type":"PropertyValueSpecification","valueRequired":true,"valueName":"search_term_string"}}],"inLanguage":"de"},{"@type":"Organization","@id":"http:\/\/agence-rudaz.ch\/de\/#organization","name":"Agence Immobili\u00e8re Rudaz","url":"http:\/\/agence-rudaz.ch\/de\/","logo":{"@type":"ImageObject","inLanguage":"de","@id":"http:\/\/agence-rudaz.ch\/de\/#\/schema\/logo\/image\/","url":"https:\/\/agence-rudaz.ch\/wp-content\/uploads\/2023\/03\/logo-ag-rudaz.png","contentUrl":"https:\/\/agence-rudaz.ch\/wp-content\/uploads\/2023\/03\/logo-ag-rudaz.png","width":500,"height":277,"caption":"Agence Immobili\u00e8re Rudaz"},"image":{"@id":"http:\/\/agence-rudaz.ch\/de\/#\/schema\/logo\/image\/"},"sameAs":["https:\/\/www.facebook.com\/agencerudaz","https:\/\/www.instagram.com\/agencerudaz\/"]}]}},"_links":{"self":[{"href":"http:\/\/agence-rudaz.ch\/de\/wp-json\/wp\/v2\/pages\/1993","targetHints":{"allow":["GET"]}}],"collection":[{"href":"http:\/\/agence-rudaz.ch\/de\/wp-json\/wp\/v2\/pages"}],"about":[{"href":"http:\/\/agence-rudaz.ch\/de\/wp-json\/wp\/v2\/types\/page"}],"author":[{"embeddable":true,"href":"http:\/\/agence-rudaz.ch\/de\/wp-json\/wp\/v2\/users\/3"}],"replies":[{"embeddable":true,"href":"http:\/\/agence-rudaz.ch\/de\/wp-json\/wp\/v2\/comments?post=1993"}],"version-history":[{"count":5,"href":"http:\/\/agence-rudaz.ch\/de\/wp-json\/wp\/v2\/pages\/1993\/revisions"}],"predecessor-version":[{"id":2190,"href":"http:\/\/agence-rudaz.ch\/de\/wp-json\/wp\/v2\/pages\/1993\/revisions\/2190"}],"wp:attachment":[{"href":"http:\/\/agence-rudaz.ch\/de\/wp-json\/wp\/v2\/media?parent=1993"}],"curies":[{"name":"wp","href":"https:\/\/api.w.org\/{rel}","templated":true}]}}