{"id":2003,"date":"2023-07-05T12:33:06","date_gmt":"2023-07-05T10:33:06","guid":{"rendered":"http:\/\/agence-rudaz.ch\/thyon\/"},"modified":"2023-12-06T16:03:01","modified_gmt":"2023-12-06T15:03:01","slug":"thyon","status":"publish","type":"page","link":"http:\/\/agence-rudaz.ch\/de\/thyon\/","title":{"rendered":"Thyon"},"content":{"rendered":"<p>[et_pb_section fb_built=&#8220;1&#8243; fullwidth=&#8220;on&#8220; _builder_version=&#8220;4.21.0&#8243; _module_preset=&#8220;default&#8220; global_colors_info=&#8220;{}&#8220;][et_pb_fullwidth_slider _builder_version=&#8220;4.21.0&#8243; _module_preset=&#8220;default&#8220; custom_padding=&#8220;25vw||25vw||true|false&#8220; auto=&#8220;on&#8220; auto_speed=&#8220;3500&#8243; global_colors_info=&#8220;{}&#8220;][et_pb_slide _builder_version=&#8220;4.21.0&#8243; _module_preset=&#8220;default&#8220; background_image=&#8220;https:\/\/agence-rudaz.ch\/wp-content\/uploads\/2023\/07\/thyon-hiver.jpg&#8220; background_enable_image=&#8220;on&#8220; global_colors_info=&#8220;{}&#8220; sticky_transition=&#8220;on&#8220;][\/et_pb_slide][et_pb_slide _builder_version=&#8220;4.21.0&#8243; _module_preset=&#8220;default&#8220; background_image=&#8220;https:\/\/agence-rudaz.ch\/wp-content\/uploads\/2023\/07\/thyon_ete.jpg&#8220; background_enable_image=&#8220;on&#8220; background_position=&#8220;bottom_center&#8220; global_colors_info=&#8220;{}&#8220; sticky_transition=&#8220;on&#8220;][\/et_pb_slide][\/et_pb_fullwidth_slider][\/et_pb_section][et_pb_section fb_built=&#8220;1&#8243; _builder_version=&#8220;4.21.0&#8243; background_color=&#8220;RGBA(255,255,255,0)&#8220; background_enable_image=&#8220;off&#8220; custom_padding=&#8220;54px|0px|33px|0px||&#8220; global_colors_info=&#8220;{}&#8220;][et_pb_row _builder_version=&#8220;4.21.0&#8243; _module_preset=&#8220;default&#8220; border_color_all=&#8220;RGBA(255,255,255,0)&#8220; border_style_all=&#8220;none&#8220; global_colors_info=&#8220;{}&#8220;][et_pb_column type=&#8220;4_4&#8243; _builder_version=&#8220;4.21.0&#8243; _module_preset=&#8220;default&#8220; global_colors_info=&#8220;{}&#8220;][et_pb_text _builder_version=&#8220;4.21.0&#8243; _module_preset=&#8220;default&#8220; header_2_text_align=&#8220;center&#8220; background_color=&#8220;RGBA(255,255,255,0)&#8220; global_colors_info=&#8220;{}&#8220;]<\/p>\n<h2><span style=\"color: #1b87f4;\"><strong>Thyon<\/strong><\/span><\/h2>\n<p>[\/et_pb_text][et_pb_text _builder_version=&#8220;4.21.0&#8243; _module_preset=&#8220;default&#8220; header_2_text_align=&#8220;center&#8220; background_color=&#8220;RGBA(255,255,255,0)&#8220; global_colors_info=&#8220;{}&#8220;]<\/p>\n<p style=\"text-align: center;\"><span style=\"font-size: 20px;\"><strong>Ort<\/strong><\/span><\/p>\n<p style=\"text-align: center;\">Thyon ist eine Schweizer Ortschaft im Val d&#8217;H\u00e9rens, die zur Gemeinde Vex im Wallis geh\u00f6rt. Der Ort wird von den \u00fcber 4000 m hohen Gipfeln Matterhorn und Dent-Blanche dominiert und bietet ein herrliches Panorama auf die Berner-, Walliser- und Waadtl\u00e4nder Alpen.<\/p>\n<p style=\"text-align: center;\">Der auf einer H\u00f6he von 2&#8217;100 m gelegene Skiort geh\u00f6rt zusammen mit Verbier, Bruson, La Tzoumaz, Nendaz und Veysonnaz zum Skigebiet der 4 Vall\u00e9es.<\/p>\n<p style=\"text-align: center;\">W\u00e4hrend der Sommersaison bietet das Dorf Thyon-Les Collons eine breite Palette an Aktivit\u00e4ten in der Natur an.<br \/>Thyon liegt 180 km vom internationalen Flughafen Genf (2 Stunden mit dem Auto, 3 Stunden mit den \u00f6ffentlichen Verkehrsmitteln) und 30 Minuten von Sion entfernt.<\/p>\n<p>[\/et_pb_text][\/et_pb_column][\/et_pb_row][et_pb_row column_structure=&#8220;1_2,1_2&#8243; _builder_version=&#8220;4.21.0&#8243; background_color=&#8220;RGBA(255,255,255,0)&#8220; background_size=&#8220;initial&#8220; background_position=&#8220;top_left&#8220; background_repeat=&#8220;repeat&#8220; custom_margin=&#8220;||||false|false&#8220; custom_padding=&#8220;60px|0px|0px|0px||&#8220; animation_direction=&#8220;bottom&#8220; border_radii=&#8220;on|15px|15px|15px|15px&#8220; border_width_all=&#8220;9px&#8220; border_color_all=&#8220;rgba(27,135,244,0)&#8220; border_style_all=&#8220;groove&#8220; border_width_top=&#8220;5px&#8220; border_color_top=&#8220;rgba(27,135,244,0)&#8220; use_custom_width=&#8220;on&#8220; custom_width_px=&#8220;1440px&#8220; collapsed=&#8220;off&#8220; global_colors_info=&#8220;{}&#8220;][et_pb_column type=&#8220;1_2&#8243; _builder_version=&#8220;4.21.0&#8243; custom_padding=&#8220;|40px||40px&#8220; global_colors_info=&#8220;{}&#8220; custom_padding__hover=&#8220;|||&#8220;][et_pb_text _builder_version=&#8220;4.21.0&#8243; _module_preset=&#8220;default&#8220; header_2_text_align=&#8220;center&#8220; global_colors_info=&#8220;{}&#8220;]<\/p>\n<p style=\"text-align: center;\"><span style=\"font-size: 20px;\"><strong>Im Winter<\/strong><\/span><\/p>\n<p style=\"text-align: center;\">Thyon geh\u00f6rt zu einem der gr\u00f6ssten Skigebiete der Welt, den &#8222;4 Vall\u00e9es&#8220;: 410km Pisten und 95 Liftanlagen. Dieses fast grenzenlose Gebiet erm\u00f6glicht es Ihnen, mit den Skiern bis zum ber\u00fchmten Skiort Verbier zu fahren.<\/p>\n<p style=\"text-align: center;\">Das Skifahren nimmt im Winter einen Grossteil der Besucher in Anspruch: Materialverleih, Skikurse, Schneekindergarten, Fackelabfahrten &#8211; alles ist vorhanden, um Skifahrer aller Niveaus zufrieden zu stellen. Thyon bietet auch andere Aktivit\u00e4ten wie Hundeschlittenfahrten, eine Eisbahn oder Spazierg\u00e4nge und Wanderungen an.<\/p>\n<p>[\/et_pb_text][et_pb_image src=&#8220;https:\/\/agence-rudaz.ch\/wp-content\/uploads\/2023\/07\/Facebook_thyon.ch_3-300&#215;200.jpg&#8220; title_text=&#8220;Facebook_thyon.ch_3&#8243; url=&#8220;https:\/\/www.instagram.com\/thyonregion\/&#8220; align=&#8220;center&#8220; admin_label=&#8220;Image&#8220; _builder_version=&#8220;4.21.0&#8243; _module_preset=&#8220;default&#8220; box_shadow_style=&#8220;preset3&#8243; global_colors_info=&#8220;{}&#8220;][\/et_pb_image][\/et_pb_column][et_pb_column type=&#8220;1_2&#8243; _builder_version=&#8220;4.21.0&#8243; custom_padding=&#8220;|40px||40px&#8220; global_colors_info=&#8220;{}&#8220; custom_padding__hover=&#8220;|||&#8220;][et_pb_image src=&#8220;https:\/\/agence-rudaz.ch\/wp-content\/uploads\/2023\/07\/AdobeStock_466740391_Preview-300&#215;200.jpeg&#8220; title_text=&#8220;AdobeStock_466740391_Preview&#8220; url=&#8220;https:\/\/www.instagram.com\/thyonregion\/&#8220; align=&#8220;center&#8220; admin_label=&#8220;Image&#8220; _builder_version=&#8220;4.21.0&#8243; _module_preset=&#8220;default&#8220; custom_padding=&#8220;36px|||||&#8220; box_shadow_style=&#8220;preset3&#8243; global_colors_info=&#8220;{}&#8220;][\/et_pb_image][et_pb_text _builder_version=&#8220;4.21.0&#8243; _module_preset=&#8220;default&#8220; header_2_text_align=&#8220;center&#8220; min_height=&#8220;187.6px&#8220; custom_margin=&#8220;68px||64px|||&#8220; global_colors_info=&#8220;{}&#8220;]<\/p>\n<p style=\"text-align: center;\"><span style=\"font-size: 20px;\"><strong>Im Sommer<\/strong><\/span><\/p>\n<p style=\"text-align: center;\">Im Sommer weicht der Schnee den gr\u00fcnen Bergen. Es ist die Zeit der Wanderungen, des Radfahrens, der Gel\u00e4nderoller, der Ausritte auf Pferden oder auch der K\u00e4seherstellung.<\/p>\n<p style=\"text-align: center;\">Der Ort bietet auch Entspannungs- und Meditationsaufenthalte, einen Lehrpfad zur Erkundung der Tier- und Pflanzenwelt oder das Erlernen der Herstellung von Raclette-K\u00e4se an.<\/p>\n<p>[\/et_pb_text][\/et_pb_column][\/et_pb_row][et_pb_row _builder_version=&#8220;4.21.0&#8243; _module_preset=&#8220;default&#8220; min_height=&#8220;195.2px&#8220; global_colors_info=&#8220;{}&#8220;][et_pb_column type=&#8220;4_4&#8243; _builder_version=&#8220;4.21.0&#8243; _module_preset=&#8220;default&#8220; global_colors_info=&#8220;{}&#8220;][et_pb_text _builder_version=&#8220;4.21.0&#8243; _module_preset=&#8220;default&#8220; header_2_text_align=&#8220;center&#8220; background_color=&#8220;RGBA(255,255,255,0)&#8220; global_colors_info=&#8220;{}&#8220;]<\/p>\n<p style=\"text-align: center;\"><span style=\"font-size: 20px;\"><strong>In wenigen Worten<\/strong><\/span><\/p>\n<p style=\"text-align: center;\">Thyon ist ein Ort, an dem Familien Aktivit\u00e4ten f\u00fcr jeden finden und Bergbegeisterte die Berge 365 Tage im Jahr geniessen k\u00f6nnen.<\/p>\n<p style=\"text-align: center;\">Ein ruhiges Dorf mit allen Annehmlichkeiten, das einen direkten Zugang zu den Bergen bietet.<\/p>\n<p style=\"text-align: center;\">Weitere Informationen finden Sie auf der Webseite des<a href=\"http:\/\/www.thyon.ch\" target=\"_blank\" rel=\"noopener\">Touristenb\u00fcros von Thyon<\/a>.<\/p>\n<p>[\/et_pb_text][\/et_pb_column][\/et_pb_row][\/et_pb_section][et_pb_section fb_built=&#8220;1&#8243; _builder_version=&#8220;4.21.0&#8243; background_color=&#8220;RGBA(255,255,255,0)&#8220; background_enable_image=&#8220;off&#8220; custom_padding=&#8220;54px|0px|33px|0px||&#8220; global_colors_info=&#8220;{}&#8220;][et_pb_row column_structure=&#8220;1_2,1_2&#8243; _builder_version=&#8220;4.21.0&#8243; _module_preset=&#8220;default&#8220; border_color_all=&#8220;RGBA(255,255,255,0)&#8220; border_style_all=&#8220;none&#8220; global_colors_info=&#8220;{}&#8220;][et_pb_column type=&#8220;1_2&#8243; _builder_version=&#8220;4.21.0&#8243; _module_preset=&#8220;default&#8220; global_colors_info=&#8220;{}&#8220;][et_pb_button button_url=&#8220;https:\/\/www.thyon.ch\/ete\/a-faire-sur-place\/agenda\/agenda-des-evenements\/&#8220; url_new_window=&#8220;on&#8220; button_text=&#8220;Veranstaltungs-Kalender&#8220; button_alignment=&#8220;center&#8220; _builder_version=&#8220;4.22.1&#8243; _module_preset=&#8220;default&#8220; custom_button=&#8220;on&#8220; button_icon=&#8220;&#x26;||divi||400&#8243; global_colors_info=&#8220;{}&#8220;][\/et_pb_button][\/et_pb_column][et_pb_column type=&#8220;1_2&#8243; _builder_version=&#8220;4.21.0&#8243; _module_preset=&#8220;default&#8220; global_colors_info=&#8220;{}&#8220;][et_pb_button button_url=&#8220;https:\/\/www.thyon.ch\/ete\/en-live\/webcam\/&#8220; url_new_window=&#8220;on&#8220; button_text=&#8220;Webcams aus Thyon&#8220; button_alignment=&#8220;center&#8220; _builder_version=&#8220;4.22.1&#8243; _module_preset=&#8220;default&#8220; custom_button=&#8220;on&#8220; button_icon=&#8220;&#x26;||divi||400&#8243; global_colors_info=&#8220;{}&#8220;][\/et_pb_button][\/et_pb_column][\/et_pb_row][\/et_pb_section]<\/p>\n","protected":false},"excerpt":{"rendered":"<p>ThyonOrt Thyon ist eine Schweizer Ortschaft im Val d&#8217;H\u00e9rens, die zur Gemeinde Vex im Wallis geh\u00f6rt. Der Ort wird von den \u00fcber 4000 m hohen Gipfeln Matterhorn und Dent-Blanche dominiert und bietet ein herrliches Panorama auf die Berner-, Walliser- und Waadtl\u00e4nder Alpen. Der auf einer H\u00f6he von 2&#8217;100 m gelegene Skiort geh\u00f6rt zusammen mit Verbier, [&hellip;]<\/p>\n","protected":false},"author":3,"featured_media":0,"parent":0,"menu_order":0,"comment_status":"closed","ping_status":"closed","template":"","meta":{"_et_pb_use_builder":"on","_et_pb_old_content":"","_et_gb_content_width":"","footnotes":""},"class_list":["post-2003","page","type-page","status-publish","hentry"],"yoast_head":"<!-- This site is optimized with the Yoast SEO plugin v27.2 - https:\/\/yoast.com\/product\/yoast-seo-wordpress\/ -->\n<title>Thyon - Agence Immobili\u00e8re Rudaz<\/title>\n<meta name=\"description\" content=\"Thyon 4 vall\u00e9es ist ein alpiner Skiort, der mit dem Skigebiet der 4 Vall\u00e9es verbunden ist, sowie ein Sommersportort.\" \/>\n<meta name=\"robots\" content=\"index, follow, max-snippet:-1, max-image-preview:large, max-video-preview:-1\" \/>\n<link rel=\"canonical\" href=\"http:\/\/agence-rudaz.ch\/de\/thyon\/\" \/>\n<meta property=\"og:locale\" content=\"de_DE\" \/>\n<meta property=\"og:type\" content=\"article\" \/>\n<meta property=\"og:title\" content=\"Thyon - Agence Immobili\u00e8re Rudaz\" \/>\n<meta property=\"og:description\" content=\"Thyon 4 vall\u00e9es ist ein alpiner Skiort, der mit dem Skigebiet der 4 Vall\u00e9es verbunden ist, sowie ein Sommersportort.\" \/>\n<meta property=\"og:url\" content=\"http:\/\/agence-rudaz.ch\/de\/thyon\/\" \/>\n<meta property=\"og:site_name\" content=\"Agence Immobili\u00e8re Rudaz\" \/>\n<meta property=\"article:publisher\" content=\"https:\/\/www.facebook.com\/agencerudaz\" \/>\n<meta property=\"article:modified_time\" content=\"2023-12-06T15:03:01+00:00\" \/>\n<meta property=\"og:image\" content=\"http:\/\/agence-rudaz.ch\/wp-content\/uploads\/2023\/12\/agence-immobiliere-rudaz.jpg\" \/>\n\t<meta property=\"og:image:width\" content=\"1200\" \/>\n\t<meta property=\"og:image:height\" content=\"675\" \/>\n\t<meta property=\"og:image:type\" content=\"image\/jpeg\" \/>\n<meta name=\"twitter:card\" content=\"summary_large_image\" \/>\n<meta name=\"twitter:label1\" content=\"Gesch\u00e4tzte Lesezeit\" \/>\n\t<meta name=\"twitter:data1\" content=\"5\u00a0Minuten\" \/>\n<script type=\"application\/ld+json\" class=\"yoast-schema-graph\">{\"@context\":\"https:\/\/schema.org\",\"@graph\":[{\"@type\":\"WebPage\",\"@id\":\"http:\/\/agence-rudaz.ch\/de\/thyon\/\",\"url\":\"http:\/\/agence-rudaz.ch\/de\/thyon\/\",\"name\":\"Thyon - Agence Immobili\u00e8re Rudaz\",\"isPartOf\":{\"@id\":\"http:\/\/agence-rudaz.ch\/de\/#website\"},\"datePublished\":\"2023-07-05T10:33:06+00:00\",\"dateModified\":\"2023-12-06T15:03:01+00:00\",\"description\":\"Thyon 4 vall\u00e9es ist ein alpiner Skiort, der mit dem Skigebiet der 4 Vall\u00e9es verbunden ist, sowie ein Sommersportort.\",\"breadcrumb\":{\"@id\":\"http:\/\/agence-rudaz.ch\/de\/thyon\/#breadcrumb\"},\"inLanguage\":\"de\",\"potentialAction\":[{\"@type\":\"ReadAction\",\"target\":[\"http:\/\/agence-rudaz.ch\/de\/thyon\/\"]}]},{\"@type\":\"BreadcrumbList\",\"@id\":\"http:\/\/agence-rudaz.ch\/de\/thyon\/#breadcrumb\",\"itemListElement\":[{\"@type\":\"ListItem\",\"position\":1,\"name\":\"Accueil\",\"item\":\"https:\/\/agence-rudaz.ch\/de\/\"},{\"@type\":\"ListItem\",\"position\":2,\"name\":\"Thyon\"}]},{\"@type\":\"WebSite\",\"@id\":\"http:\/\/agence-rudaz.ch\/de\/#website\",\"url\":\"http:\/\/agence-rudaz.ch\/de\/\",\"name\":\"Agence Immobili\u00e8re Rudaz\",\"description\":\"Thyon-Les Collons Valais Suisse\",\"publisher\":{\"@id\":\"http:\/\/agence-rudaz.ch\/de\/#organization\"},\"potentialAction\":[{\"@type\":\"SearchAction\",\"target\":{\"@type\":\"EntryPoint\",\"urlTemplate\":\"http:\/\/agence-rudaz.ch\/de\/?s={search_term_string}\"},\"query-input\":{\"@type\":\"PropertyValueSpecification\",\"valueRequired\":true,\"valueName\":\"search_term_string\"}}],\"inLanguage\":\"de\"},{\"@type\":\"Organization\",\"@id\":\"http:\/\/agence-rudaz.ch\/de\/#organization\",\"name\":\"Agence Immobili\u00e8re Rudaz\",\"url\":\"http:\/\/agence-rudaz.ch\/de\/\",\"logo\":{\"@type\":\"ImageObject\",\"inLanguage\":\"de\",\"@id\":\"http:\/\/agence-rudaz.ch\/de\/#\/schema\/logo\/image\/\",\"url\":\"https:\/\/agence-rudaz.ch\/wp-content\/uploads\/2023\/03\/logo-ag-rudaz.png\",\"contentUrl\":\"https:\/\/agence-rudaz.ch\/wp-content\/uploads\/2023\/03\/logo-ag-rudaz.png\",\"width\":500,\"height\":277,\"caption\":\"Agence Immobili\u00e8re Rudaz\"},\"image\":{\"@id\":\"http:\/\/agence-rudaz.ch\/de\/#\/schema\/logo\/image\/\"},\"sameAs\":[\"https:\/\/www.facebook.com\/agencerudaz\",\"https:\/\/www.instagram.com\/agencerudaz\/\"]}]}<\/script>\n<!-- \/ Yoast SEO plugin. -->","yoast_head_json":{"title":"Thyon - Agence Immobili\u00e8re Rudaz","description":"Thyon 4 vall\u00e9es ist ein alpiner Skiort, der mit dem Skigebiet der 4 Vall\u00e9es verbunden ist, sowie ein Sommersportort.","robots":{"index":"index","follow":"follow","max-snippet":"max-snippet:-1","max-image-preview":"max-image-preview:large","max-video-preview":"max-video-preview:-1"},"canonical":"http:\/\/agence-rudaz.ch\/de\/thyon\/","og_locale":"de_DE","og_type":"article","og_title":"Thyon - Agence Immobili\u00e8re Rudaz","og_description":"Thyon 4 vall\u00e9es ist ein alpiner Skiort, der mit dem Skigebiet der 4 Vall\u00e9es verbunden ist, sowie ein Sommersportort.","og_url":"http:\/\/agence-rudaz.ch\/de\/thyon\/","og_site_name":"Agence Immobili\u00e8re Rudaz","article_publisher":"https:\/\/www.facebook.com\/agencerudaz","article_modified_time":"2023-12-06T15:03:01+00:00","og_image":[{"width":1200,"height":675,"url":"http:\/\/agence-rudaz.ch\/wp-content\/uploads\/2023\/12\/agence-immobiliere-rudaz.jpg","type":"image\/jpeg"}],"twitter_card":"summary_large_image","twitter_misc":{"Gesch\u00e4tzte Lesezeit":"5\u00a0Minuten"},"schema":{"@context":"https:\/\/schema.org","@graph":[{"@type":"WebPage","@id":"http:\/\/agence-rudaz.ch\/de\/thyon\/","url":"http:\/\/agence-rudaz.ch\/de\/thyon\/","name":"Thyon - Agence Immobili\u00e8re Rudaz","isPartOf":{"@id":"http:\/\/agence-rudaz.ch\/de\/#website"},"datePublished":"2023-07-05T10:33:06+00:00","dateModified":"2023-12-06T15:03:01+00:00","description":"Thyon 4 vall\u00e9es ist ein alpiner Skiort, der mit dem Skigebiet der 4 Vall\u00e9es verbunden ist, sowie ein Sommersportort.","breadcrumb":{"@id":"http:\/\/agence-rudaz.ch\/de\/thyon\/#breadcrumb"},"inLanguage":"de","potentialAction":[{"@type":"ReadAction","target":["http:\/\/agence-rudaz.ch\/de\/thyon\/"]}]},{"@type":"BreadcrumbList","@id":"http:\/\/agence-rudaz.ch\/de\/thyon\/#breadcrumb","itemListElement":[{"@type":"ListItem","position":1,"name":"Accueil","item":"https:\/\/agence-rudaz.ch\/de\/"},{"@type":"ListItem","position":2,"name":"Thyon"}]},{"@type":"WebSite","@id":"http:\/\/agence-rudaz.ch\/de\/#website","url":"http:\/\/agence-rudaz.ch\/de\/","name":"Agence Immobili\u00e8re Rudaz","description":"Thyon-Les Collons Valais Suisse","publisher":{"@id":"http:\/\/agence-rudaz.ch\/de\/#organization"},"potentialAction":[{"@type":"SearchAction","target":{"@type":"EntryPoint","urlTemplate":"http:\/\/agence-rudaz.ch\/de\/?s={search_term_string}"},"query-input":{"@type":"PropertyValueSpecification","valueRequired":true,"valueName":"search_term_string"}}],"inLanguage":"de"},{"@type":"Organization","@id":"http:\/\/agence-rudaz.ch\/de\/#organization","name":"Agence Immobili\u00e8re Rudaz","url":"http:\/\/agence-rudaz.ch\/de\/","logo":{"@type":"ImageObject","inLanguage":"de","@id":"http:\/\/agence-rudaz.ch\/de\/#\/schema\/logo\/image\/","url":"https:\/\/agence-rudaz.ch\/wp-content\/uploads\/2023\/03\/logo-ag-rudaz.png","contentUrl":"https:\/\/agence-rudaz.ch\/wp-content\/uploads\/2023\/03\/logo-ag-rudaz.png","width":500,"height":277,"caption":"Agence Immobili\u00e8re Rudaz"},"image":{"@id":"http:\/\/agence-rudaz.ch\/de\/#\/schema\/logo\/image\/"},"sameAs":["https:\/\/www.facebook.com\/agencerudaz","https:\/\/www.instagram.com\/agencerudaz\/"]}]}},"_links":{"self":[{"href":"http:\/\/agence-rudaz.ch\/de\/wp-json\/wp\/v2\/pages\/2003","targetHints":{"allow":["GET"]}}],"collection":[{"href":"http:\/\/agence-rudaz.ch\/de\/wp-json\/wp\/v2\/pages"}],"about":[{"href":"http:\/\/agence-rudaz.ch\/de\/wp-json\/wp\/v2\/types\/page"}],"author":[{"embeddable":true,"href":"http:\/\/agence-rudaz.ch\/de\/wp-json\/wp\/v2\/users\/3"}],"replies":[{"embeddable":true,"href":"http:\/\/agence-rudaz.ch\/de\/wp-json\/wp\/v2\/comments?post=2003"}],"version-history":[{"count":4,"href":"http:\/\/agence-rudaz.ch\/de\/wp-json\/wp\/v2\/pages\/2003\/revisions"}],"predecessor-version":[{"id":2194,"href":"http:\/\/agence-rudaz.ch\/de\/wp-json\/wp\/v2\/pages\/2003\/revisions\/2194"}],"wp:attachment":[{"href":"http:\/\/agence-rudaz.ch\/de\/wp-json\/wp\/v2\/media?parent=2003"}],"curies":[{"name":"wp","href":"https:\/\/api.w.org\/{rel}","templated":true}]}}