{"id":272,"date":"2020-06-02T15:41:57","date_gmt":"2020-06-02T13:41:57","guid":{"rendered":"http:\/\/agence-rudaz.ch\/homepage\/"},"modified":"2025-06-17T10:31:13","modified_gmt":"2025-06-17T08:31:13","slug":"homepage","status":"publish","type":"page","link":"http:\/\/agence-rudaz.ch\/de\/","title":{"rendered":"Startseite"},"content":{"rendered":"<p>[et_pb_section fb_built=&#8220;1&#8243; fullwidth=&#8220;on&#8220; _builder_version=&#8220;4.21.0&#8243; _module_preset=&#8220;default&#8220; global_colors_info=&#8220;{}&#8220;][et_pb_fullwidth_header title=&#8220;Agentur Rudaz&#8220; _builder_version=&#8220;4.21.0&#8243; _module_preset=&#8220;default&#8220; title_level=&#8220;h2&#8243; title_font=&#8220;|700|||||||&#8220; title_text_align=&#8220;center&#8220; title_font_size=&#8220;42px&#8220; title_line_height=&#8220;1.3em&#8220; content_font=&#8220;||||||||&#8220; content_text_align=&#8220;center&#8220; content_font_size=&#8220;18px&#8220; background_image=&#8220;https:\/\/agence-rudaz.ch\/wp-content\/uploads\/2023\/07\/img14.jpg&#8220; custom_padding=&#8220;25vh||25vh||true|false&#8220; title_font_size_tablet=&#8220;38px&#8220; title_font_size_phone=&#8220;33px&#8220; title_font_size_last_edited=&#8220;on|phone&#8220; title_text_shadow_style=&#8220;preset1&#8243; title_text_shadow_horizontal_length=&#8220;0.1em&#8220; title_text_shadow_color=&#8220;#000000&#8243; content_text_shadow_style=&#8220;preset1&#8243; content_text_shadow_horizontal_length=&#8220;0.1em&#8220; content_text_shadow_color=&#8220;#000000&#8243; global_colors_info=&#8220;{}&#8220;]<\/p>\n<p>Mit unserer 50-j\u00e4hrigen Erfahrung in der Immobilienbranche,<br \/>sind wir in der Vermietung von Wohnungen und Chalets sowie in deren Verkauf und Wiederverkauf t\u00e4tig.<\/p>\n<p>Unsere St\u00e4rken:<br \/><strong>Unser Netzwerk erm\u00f6glicht es, uns f\u00fcr Sie die seltene Perle ausfindig zu machen.<\/strong><br \/>Ein echter Vorteil in einem Umfeld, in dem sich die Suche nach Immobilien als kompliziert erweisen kann.<\/p>\n<p>Unsere Agentur bietet auch eine breite Palette an Nebenleistungen an:<br \/>Pflege der Aussenanlagen der Chalets, Reinigung der gemieteten Wohnungen und Bereitstellung von Bettw\u00e4sche und Badet\u00fccher.<\/p>\n<p>[\/et_pb_fullwidth_header][\/et_pb_section][et_pb_section fb_built=&#8220;1&#8243; _builder_version=&#8220;4.21.0&#8243; custom_padding=&#8220;54px|0px|2px|0px||&#8220; global_colors_info=&#8220;{}&#8220;][et_pb_row disabled_on=&#8220;on|on|on&#8220; _builder_version=&#8220;4.21.0&#8243; background_color=&#8220;#ffffff&#8220; background_size=&#8220;initial&#8220; background_position=&#8220;top_left&#8220; background_repeat=&#8220;repeat&#8220; custom_margin=&#8220;||||false|false&#8220; custom_padding=&#8220;18px|0px|60px|0px||&#8220; animation_style=&#8220;slide&#8220; animation_direction=&#8220;bottom&#8220; animation_intensity_slide=&#8220;6%&#8220; animation_starting_opacity=&#8220;100%&#8220; border_radii=&#8220;on|15px|15px|15px|15px&#8220; border_color_all=&#8220;#3c39e6&#8243; border_style_all=&#8220;none&#8220; border_width_top=&#8220;18px&#8220; border_color_top=&#8220;#004D9A&#8220; use_custom_width=&#8220;on&#8220; custom_width_px=&#8220;1440px&#8220; disabled=&#8220;on&#8220; global_colors_info=&#8220;{}&#8220;][et_pb_column type=&#8220;4_4&#8243; _builder_version=&#8220;4.16&#8243; custom_padding=&#8220;|40px||40px&#8220; global_colors_info=&#8220;{}&#8220; custom_padding__hover=&#8220;|||&#8220;][et_pb_text _builder_version=&#8220;4.27.4&#8243; _module_preset=&#8220;default&#8220; header_2_text_align=&#8220;center&#8220; global_colors_info=&#8220;{}&#8220;]<\/p>\n<h2>Agentur Rudaz<\/h2>\n<p>[\/et_pb_text][et_pb_text _builder_version=&#8220;4.27.4&#8243; _module_preset=&#8220;default&#8220; text_orientation=&#8220;center&#8220; hover_enabled=&#8220;0&#8243; global_colors_info=&#8220;{}&#8220; sticky_enabled=&#8220;0&#8243;]<\/p>\n<p style=\"text-align: center;\"><span style=\"font-family: 'comic sans ms', sans-serif; font-size: 24px;\">Sommerferien<\/span><\/p>\n<p>Unsere Agentur wird von Freitag, dem 20. Juni, mittags bis Montag, dem 7. Juli, morgens geschlossen sein.<\/p>\n<p>W\u00e4hrend dieser Zeit werden Anrufe umgeleitet, jedoch nur f\u00fcr Notf\u00e4lle oder wichtige Anfragen.<\/p>\n<p>F\u00fcr Reservierungen sollten Sie unsere Website besuchen oder uns per E-Mail schreiben. Wir werden Ihnen so schnell wie m\u00f6glich antworten.<\/p>\n<p>Vielen Dank f\u00fcr Ihr Verst\u00e4ndnis und einen sch\u00f6nen Sommer f\u00fcr Sie!<\/p>\n<p>&nbsp;<\/p>\n<p>[\/et_pb_text][\/et_pb_column][\/et_pb_row][\/et_pb_section][et_pb_section fb_built=&#8220;1&#8243; admin_label=&#8220;About Section&#8220; _builder_version=&#8220;4.21.0&#8243; use_background_color_gradient=&#8220;on&#8220; background_color_gradient_stops=&#8220;#ffffff 0%|#e8eefc 100%&#8220; background_color_gradient_start=&#8220;#ffffff&#8220; background_color_gradient_end=&#8220;#e8eefc&#8220; background_enable_image=&#8220;off&#8220; min_height=&#8220;421px&#8220; custom_margin=&#8220;-8px|||||&#8220; custom_padding=&#8220;||||false|false&#8220; global_colors_info=&#8220;{}&#8220;][et_pb_row make_equal=&#8220;on&#8220; _builder_version=&#8220;4.21.0&#8243; width=&#8220;23%&#8220; width_tablet=&#8220;53%&#8220; width_phone=&#8220;92%&#8220; width_last_edited=&#8220;on|phone&#8220; custom_margin=&#8220;||||false|false&#8220; global_colors_info=&#8220;{}&#8220;][et_pb_column type=&#8220;4_4&#8243; _builder_version=&#8220;4.20.0&#8243; custom_padding=&#8220;|||&#8220; custom_css_main_element=&#8220;margin:auto;&#8220; global_colors_info=&#8220;{}&#8220; custom_padding__hover=&#8220;|||&#8220;][et_pb_cta title=&#8220;Vermietung von Wohnungen oder Chalets&#8220; button_url=&#8220;https:\/\/rudaz.rentalp.com\/de\/resorts\/any\/search&#8220; url_new_window=&#8220;on&#8220; button_text=&#8220;Besichtigen Sie unsere Objekte&#8220; _builder_version=&#8220;4.24.2&#8243; _module_preset=&#8220;default&#8220; background_color=&#8220;#1b87f4&#8243; custom_button=&#8220;on&#8220; button_bg_color=&#8220;rgba(255,255,255,0)&#8220; global_colors_info=&#8220;{}&#8220;][\/et_pb_cta][\/et_pb_column][\/et_pb_row][\/et_pb_section][et_pb_section fb_built=&#8220;1&#8243; _builder_version=&#8220;4.21.0&#8243; _module_preset=&#8220;default&#8220; global_colors_info=&#8220;{}&#8220;][et_pb_row _builder_version=&#8220;4.22.1&#8243; _module_preset=&#8220;default&#8220; global_colors_info=&#8220;{}&#8220;][et_pb_column type=&#8220;4_4&#8243; _builder_version=&#8220;4.21.0&#8243; _module_preset=&#8220;default&#8220; global_colors_info=&#8220;{}&#8220;][et_pb_text _builder_version=&#8220;4.22.1&#8243; _module_preset=&#8220;default&#8220; header_3_text_align=&#8220;center&#8220; global_colors_info=&#8220;{}&#8220;]<\/p>\n<h3>Lassen Sie sich von uns begeistern<\/h3>\n<p>[\/et_pb_text][\/et_pb_column][\/et_pb_row][et_pb_row use_custom_gutter=&#8220;on&#8220; gutter_width=&#8220;2&#8243; _builder_version=&#8220;4.21.0&#8243; _module_preset=&#8220;default&#8220; global_colors_info=&#8220;{}&#8220;][et_pb_column type=&#8220;4_4&#8243; _builder_version=&#8220;4.21.0&#8243; _module_preset=&#8220;default&#8220; global_colors_info=&#8220;{}&#8220;][et_pb_gallery gallery_ids=&#8220;1204,1209,1201,988&#8243; _builder_version=&#8220;4.21.0&#8243; _module_preset=&#8220;default&#8220; background_layout=&#8220;dark&#8220; box_shadow_style_image=&#8220;preset3&#8243; global_colors_info=&#8220;{}&#8220;][\/et_pb_gallery][\/et_pb_column][\/et_pb_row][\/et_pb_section]<\/p>\n","protected":false},"excerpt":{"rendered":"<p>Mit unserer 50-j\u00e4hrigen Erfahrung in der Immobilienbranche,sind wir in der Vermietung von Wohnungen und Chalets sowie in deren Verkauf und Wiederverkauf t\u00e4tig. Unsere St\u00e4rken:Unser Netzwerk erm\u00f6glicht es, uns f\u00fcr Sie die seltene Perle ausfindig zu machen.Ein echter Vorteil in einem Umfeld, in dem sich die Suche nach Immobilien als kompliziert erweisen kann. Unsere Agentur bietet [&hellip;]<\/p>\n","protected":false},"author":2,"featured_media":0,"parent":0,"menu_order":0,"comment_status":"closed","ping_status":"closed","template":"","meta":{"_et_pb_use_builder":"on","_et_pb_old_content":"","_et_gb_content_width":"","footnotes":""},"class_list":["post-272","page","type-page","status-publish","hentry"],"yoast_head":"<!-- This site is optimized with the Yoast SEO plugin v27.3 - https:\/\/yoast.com\/product\/yoast-seo-wordpress\/ -->\n<title>Startseite - Agence Immobili\u00e8re Rudaz<\/title>\n<meta name=\"description\" content=\"Ihr Partner f\u00fcr die Vermietung und den Kauf Ihrer Ferienwohnung oder Ihres Chalets in Thyon, Skigebiet der 4 Vall\u00e9es, in der Schweiz.\" \/>\n<meta name=\"robots\" content=\"index, follow, max-snippet:-1, max-image-preview:large, max-video-preview:-1\" \/>\n<link rel=\"canonical\" href=\"http:\/\/agence-rudaz.ch\/de\/\" \/>\n<meta property=\"og:locale\" content=\"de_DE\" \/>\n<meta property=\"og:type\" content=\"article\" \/>\n<meta property=\"og:title\" content=\"Startseite - Agence Immobili\u00e8re Rudaz\" \/>\n<meta property=\"og:description\" content=\"Ihr Partner f\u00fcr die Vermietung und den Kauf Ihrer Ferienwohnung oder Ihres Chalets in Thyon, Skigebiet der 4 Vall\u00e9es, in der Schweiz.\" \/>\n<meta property=\"og:url\" content=\"http:\/\/agence-rudaz.ch\/de\/\" \/>\n<meta property=\"og:site_name\" content=\"Agence Immobili\u00e8re Rudaz\" \/>\n<meta property=\"article:publisher\" content=\"https:\/\/www.facebook.com\/agencerudaz\" \/>\n<meta property=\"article:modified_time\" content=\"2025-06-17T08:31:13+00:00\" \/>\n<meta property=\"og:image\" content=\"http:\/\/agence-rudaz.ch\/wp-content\/uploads\/2023\/12\/agence-immobiliere-rudaz.jpg\" \/>\n\t<meta property=\"og:image:width\" content=\"1200\" \/>\n\t<meta property=\"og:image:height\" content=\"675\" \/>\n\t<meta property=\"og:image:type\" content=\"image\/jpeg\" \/>\n<meta name=\"twitter:card\" content=\"summary_large_image\" \/>\n<meta name=\"twitter:label1\" content=\"Gesch\u00e4tzte Lesezeit\" \/>\n\t<meta name=\"twitter:data1\" content=\"2\u00a0Minuten\" \/>\n<script type=\"application\/ld+json\" class=\"yoast-schema-graph\">{\"@context\":\"https:\\\/\\\/schema.org\",\"@graph\":[{\"@type\":\"WebPage\",\"@id\":\"http:\\\/\\\/agence-rudaz.ch\\\/de\\\/\",\"url\":\"http:\\\/\\\/agence-rudaz.ch\\\/de\\\/\",\"name\":\"Startseite - Agence Immobili\u00e8re Rudaz\",\"isPartOf\":{\"@id\":\"https:\\\/\\\/agence-rudaz.ch\\\/de\\\/#website\"},\"datePublished\":\"2020-06-02T13:41:57+00:00\",\"dateModified\":\"2025-06-17T08:31:13+00:00\",\"description\":\"Ihr Partner f\u00fcr die Vermietung und den Kauf Ihrer Ferienwohnung oder Ihres Chalets in Thyon, Skigebiet der 4 Vall\u00e9es, in der Schweiz.\",\"breadcrumb\":{\"@id\":\"http:\\\/\\\/agence-rudaz.ch\\\/de\\\/#breadcrumb\"},\"inLanguage\":\"de\",\"potentialAction\":[{\"@type\":\"ReadAction\",\"target\":[\"http:\\\/\\\/agence-rudaz.ch\\\/de\\\/\"]}]},{\"@type\":\"BreadcrumbList\",\"@id\":\"http:\\\/\\\/agence-rudaz.ch\\\/de\\\/#breadcrumb\",\"itemListElement\":[{\"@type\":\"ListItem\",\"position\":1,\"name\":\"Accueil\",\"item\":\"http:\\\/\\\/agence-rudaz.ch\\\/de\\\/\"},{\"@type\":\"ListItem\",\"position\":2,\"name\":\"Startseite\"}]},{\"@type\":\"WebSite\",\"@id\":\"https:\\\/\\\/agence-rudaz.ch\\\/de\\\/#website\",\"url\":\"https:\\\/\\\/agence-rudaz.ch\\\/de\\\/\",\"name\":\"Agence Immobili\u00e8re Rudaz\",\"description\":\"Thyon-Les Collons Valais Suisse\",\"publisher\":{\"@id\":\"https:\\\/\\\/agence-rudaz.ch\\\/de\\\/#organization\"},\"potentialAction\":[{\"@type\":\"SearchAction\",\"target\":{\"@type\":\"EntryPoint\",\"urlTemplate\":\"https:\\\/\\\/agence-rudaz.ch\\\/de\\\/?s={search_term_string}\"},\"query-input\":{\"@type\":\"PropertyValueSpecification\",\"valueRequired\":true,\"valueName\":\"search_term_string\"}}],\"inLanguage\":\"de\"},{\"@type\":\"Organization\",\"@id\":\"https:\\\/\\\/agence-rudaz.ch\\\/de\\\/#organization\",\"name\":\"Agence Immobili\u00e8re Rudaz\",\"url\":\"https:\\\/\\\/agence-rudaz.ch\\\/de\\\/\",\"logo\":{\"@type\":\"ImageObject\",\"inLanguage\":\"de\",\"@id\":\"https:\\\/\\\/agence-rudaz.ch\\\/de\\\/#\\\/schema\\\/logo\\\/image\\\/\",\"url\":\"https:\\\/\\\/agence-rudaz.ch\\\/wp-content\\\/uploads\\\/2023\\\/03\\\/logo-ag-rudaz.png\",\"contentUrl\":\"https:\\\/\\\/agence-rudaz.ch\\\/wp-content\\\/uploads\\\/2023\\\/03\\\/logo-ag-rudaz.png\",\"width\":500,\"height\":277,\"caption\":\"Agence Immobili\u00e8re Rudaz\"},\"image\":{\"@id\":\"https:\\\/\\\/agence-rudaz.ch\\\/de\\\/#\\\/schema\\\/logo\\\/image\\\/\"},\"sameAs\":[\"https:\\\/\\\/www.facebook.com\\\/agencerudaz\",\"https:\\\/\\\/www.instagram.com\\\/agencerudaz\\\/\"]}]}<\/script>\n<!-- \/ Yoast SEO plugin. -->","yoast_head_json":{"title":"Startseite - Agence Immobili\u00e8re Rudaz","description":"Ihr Partner f\u00fcr die Vermietung und den Kauf Ihrer Ferienwohnung oder Ihres Chalets in Thyon, Skigebiet der 4 Vall\u00e9es, in der Schweiz.","robots":{"index":"index","follow":"follow","max-snippet":"max-snippet:-1","max-image-preview":"max-image-preview:large","max-video-preview":"max-video-preview:-1"},"canonical":"http:\/\/agence-rudaz.ch\/de\/","og_locale":"de_DE","og_type":"article","og_title":"Startseite - Agence Immobili\u00e8re Rudaz","og_description":"Ihr Partner f\u00fcr die Vermietung und den Kauf Ihrer Ferienwohnung oder Ihres Chalets in Thyon, Skigebiet der 4 Vall\u00e9es, in der Schweiz.","og_url":"http:\/\/agence-rudaz.ch\/de\/","og_site_name":"Agence Immobili\u00e8re Rudaz","article_publisher":"https:\/\/www.facebook.com\/agencerudaz","article_modified_time":"2025-06-17T08:31:13+00:00","og_image":[{"width":1200,"height":675,"url":"http:\/\/agence-rudaz.ch\/wp-content\/uploads\/2023\/12\/agence-immobiliere-rudaz.jpg","type":"image\/jpeg"}],"twitter_card":"summary_large_image","twitter_misc":{"Gesch\u00e4tzte Lesezeit":"2\u00a0Minuten"},"schema":{"@context":"https:\/\/schema.org","@graph":[{"@type":"WebPage","@id":"http:\/\/agence-rudaz.ch\/de\/","url":"http:\/\/agence-rudaz.ch\/de\/","name":"Startseite - Agence Immobili\u00e8re Rudaz","isPartOf":{"@id":"https:\/\/agence-rudaz.ch\/de\/#website"},"datePublished":"2020-06-02T13:41:57+00:00","dateModified":"2025-06-17T08:31:13+00:00","description":"Ihr Partner f\u00fcr die Vermietung und den Kauf Ihrer Ferienwohnung oder Ihres Chalets in Thyon, Skigebiet der 4 Vall\u00e9es, in der Schweiz.","breadcrumb":{"@id":"http:\/\/agence-rudaz.ch\/de\/#breadcrumb"},"inLanguage":"de","potentialAction":[{"@type":"ReadAction","target":["http:\/\/agence-rudaz.ch\/de\/"]}]},{"@type":"BreadcrumbList","@id":"http:\/\/agence-rudaz.ch\/de\/#breadcrumb","itemListElement":[{"@type":"ListItem","position":1,"name":"Accueil","item":"http:\/\/agence-rudaz.ch\/de\/"},{"@type":"ListItem","position":2,"name":"Startseite"}]},{"@type":"WebSite","@id":"https:\/\/agence-rudaz.ch\/de\/#website","url":"https:\/\/agence-rudaz.ch\/de\/","name":"Agence Immobili\u00e8re Rudaz","description":"Thyon-Les Collons Valais Suisse","publisher":{"@id":"https:\/\/agence-rudaz.ch\/de\/#organization"},"potentialAction":[{"@type":"SearchAction","target":{"@type":"EntryPoint","urlTemplate":"https:\/\/agence-rudaz.ch\/de\/?s={search_term_string}"},"query-input":{"@type":"PropertyValueSpecification","valueRequired":true,"valueName":"search_term_string"}}],"inLanguage":"de"},{"@type":"Organization","@id":"https:\/\/agence-rudaz.ch\/de\/#organization","name":"Agence Immobili\u00e8re Rudaz","url":"https:\/\/agence-rudaz.ch\/de\/","logo":{"@type":"ImageObject","inLanguage":"de","@id":"https:\/\/agence-rudaz.ch\/de\/#\/schema\/logo\/image\/","url":"https:\/\/agence-rudaz.ch\/wp-content\/uploads\/2023\/03\/logo-ag-rudaz.png","contentUrl":"https:\/\/agence-rudaz.ch\/wp-content\/uploads\/2023\/03\/logo-ag-rudaz.png","width":500,"height":277,"caption":"Agence Immobili\u00e8re Rudaz"},"image":{"@id":"https:\/\/agence-rudaz.ch\/de\/#\/schema\/logo\/image\/"},"sameAs":["https:\/\/www.facebook.com\/agencerudaz","https:\/\/www.instagram.com\/agencerudaz\/"]}]}},"_links":{"self":[{"href":"http:\/\/agence-rudaz.ch\/de\/wp-json\/wp\/v2\/pages\/272","targetHints":{"allow":["GET"]}}],"collection":[{"href":"http:\/\/agence-rudaz.ch\/de\/wp-json\/wp\/v2\/pages"}],"about":[{"href":"http:\/\/agence-rudaz.ch\/de\/wp-json\/wp\/v2\/types\/page"}],"author":[{"embeddable":true,"href":"http:\/\/agence-rudaz.ch\/de\/wp-json\/wp\/v2\/users\/2"}],"replies":[{"embeddable":true,"href":"http:\/\/agence-rudaz.ch\/de\/wp-json\/wp\/v2\/comments?post=272"}],"version-history":[{"count":5,"href":"http:\/\/agence-rudaz.ch\/de\/wp-json\/wp\/v2\/pages\/272\/revisions"}],"predecessor-version":[{"id":3766,"href":"http:\/\/agence-rudaz.ch\/de\/wp-json\/wp\/v2\/pages\/272\/revisions\/3766"}],"wp:attachment":[{"href":"http:\/\/agence-rudaz.ch\/de\/wp-json\/wp\/v2\/media?parent=272"}],"curies":[{"name":"wp","href":"https:\/\/api.w.org\/{rel}","templated":true}]}}