{"id":1950,"date":"2023-07-05T12:33:06","date_gmt":"2023-07-05T10:33:06","guid":{"rendered":"http:\/\/agence-rudaz.ch\/thyon\/"},"modified":"2023-12-06T15:56:17","modified_gmt":"2023-12-06T14:56:17","slug":"thyon","status":"publish","type":"page","link":"http:\/\/agence-rudaz.ch\/en\/thyon\/","title":{"rendered":"Thyon"},"content":{"rendered":"<p>[et_pb_section fb_built=&#8221;1&#8243; fullwidth=&#8221;on&#8221; _builder_version=&#8221;4.21.0&#8243; _module_preset=&#8221;default&#8221; global_colors_info=&#8221;{}&#8221;][et_pb_fullwidth_slider _builder_version=&#8221;4.21.0&#8243; _module_preset=&#8221;default&#8221; custom_padding=&#8221;25vw||25vw||true|false&#8221; auto=&#8221;on&#8221; auto_speed=&#8221;3500&#8243; global_colors_info=&#8221;{}&#8221;][et_pb_slide _builder_version=&#8221;4.21.0&#8243; _module_preset=&#8221;default&#8221; background_image=&#8221;https:\/\/agence-rudaz.ch\/wp-content\/uploads\/2023\/07\/thyon-hiver.jpg&#8221; background_enable_image=&#8221;on&#8221; global_colors_info=&#8221;{}&#8221; sticky_transition=&#8221;on&#8221;][\/et_pb_slide][et_pb_slide _builder_version=&#8221;4.21.0&#8243; _module_preset=&#8221;default&#8221; background_image=&#8221;https:\/\/agence-rudaz.ch\/wp-content\/uploads\/2023\/07\/thyon_ete.jpg&#8221; background_enable_image=&#8221;on&#8221; background_position=&#8221;bottom_center&#8221; global_colors_info=&#8221;{}&#8221; sticky_transition=&#8221;on&#8221;][\/et_pb_slide][\/et_pb_fullwidth_slider][\/et_pb_section][et_pb_section fb_built=&#8221;1&#8243; _builder_version=&#8221;4.21.0&#8243; background_color=&#8221;RGBA(255,255,255,0)&#8221; background_enable_image=&#8221;off&#8221; custom_padding=&#8221;54px|0px|33px|0px||&#8221; global_colors_info=&#8221;{}&#8221;][et_pb_row _builder_version=&#8221;4.21.0&#8243; _module_preset=&#8221;default&#8221; border_color_all=&#8221;RGBA(255,255,255,0)&#8221; border_style_all=&#8221;none&#8221; global_colors_info=&#8221;{}&#8221;][et_pb_column type=&#8221;4_4&#8243; _builder_version=&#8221;4.21.0&#8243; _module_preset=&#8221;default&#8221; global_colors_info=&#8221;{}&#8221;][et_pb_text _builder_version=&#8221;4.21.0&#8243; _module_preset=&#8221;default&#8221; header_2_text_align=&#8221;center&#8221; background_color=&#8221;RGBA(255,255,255,0)&#8221; global_colors_info=&#8221;{}&#8221;]<\/p>\n<h2><span style=\"color: #1b87f4;\"><strong>Thyon<\/strong><\/span><\/h2>\n<p>[\/et_pb_text][et_pb_text _builder_version=&#8221;4.21.0&#8243; _module_preset=&#8221;default&#8221; header_2_text_align=&#8221;center&#8221; background_color=&#8221;RGBA(255,255,255,0)&#8221; global_colors_info=&#8221;{}&#8221;]<\/p>\n<p style=\"text-align: center;\"><span style=\"font-size: 20px;\"><strong>Location<\/strong><\/span><\/p>\n<p style=\"text-align: center;\">Thyon is a Swiss village in the Val d&#8217;H\u00e9rens, part of the municipality of Vex in the Valais. Dominated by the Matterhorn and the Dent-Blanche, peaks over 4000m high, the resort offers superb panoramic views of the Bernese, Valais and Vaud Alps.<\/p>\n<p style=\"text-align: center;\">Situated at an altitude of 2,100 m, it is part of the 4 Valleys ski area, along with Verbier, Bruson, La Tzoumaz, Nendaz and Veysonnaz.<\/p>\n<p style=\"text-align: center;\">A place of nature during the summer season, the village of Thyon-Les Collons offers a wide range of activities.<br \/>Thyon is 180 km from Geneva international airport (2 hours by car, 3 hours by public transport) and 30 minutes from Sion.<\/p>\n<p>[\/et_pb_text][\/et_pb_column][\/et_pb_row][et_pb_row column_structure=&#8221;1_2,1_2&#8243; _builder_version=&#8221;4.21.0&#8243; background_color=&#8221;RGBA(255,255,255,0)&#8221; background_size=&#8221;initial&#8221; background_position=&#8221;top_left&#8221; background_repeat=&#8221;repeat&#8221; custom_margin=&#8221;||||false|false&#8221; custom_padding=&#8221;60px|0px|0px|0px||&#8221; animation_direction=&#8221;bottom&#8221; border_radii=&#8221;on|15px|15px|15px|15px&#8221; border_width_all=&#8221;9px&#8221; border_color_all=&#8221;rgba(27,135,244,0)&#8221; border_style_all=&#8221;groove&#8221; border_width_top=&#8221;5px&#8221; border_color_top=&#8221;rgba(27,135,244,0)&#8221; use_custom_width=&#8221;on&#8221; custom_width_px=&#8221;1440px&#8221; collapsed=&#8221;off&#8221; global_colors_info=&#8221;{}&#8221;][et_pb_column type=&#8221;1_2&#8243; _builder_version=&#8221;4.21.0&#8243; custom_padding=&#8221;|40px||40px&#8221; global_colors_info=&#8221;{}&#8221; custom_padding__hover=&#8221;|||&#8221;][et_pb_text _builder_version=&#8221;4.21.0&#8243; _module_preset=&#8221;default&#8221; header_2_text_align=&#8221;center&#8221; global_colors_info=&#8221;{}&#8221;]<\/p>\n<p style=\"text-align: center;\"><span style=\"font-size: 20px;\"><strong>In winter<\/strong><\/span><\/p>\n<p style=\"text-align: center;\">Thyon is part of one of the world&#8217;s largest ski areas, the &#8220;Quatre Vall\u00e9es&#8221;: 410km of pistes and 95 ski lifts. This almost limitless ski area means you can ski all the way to the famous resort of Verbier.<\/p>\n<p style=\"text-align: center;\">Skiing takes up a lot of visitors&#8217; time in winter: equipment hire, ski lessons, snow gardens, torch-lit descents &#8211; there&#8217;s something for every level of skier. Thyon offers other activities such as dog sledding, ice skating and hiking.<\/p>\n<p>[\/et_pb_text][et_pb_image src=&#8221;https:\/\/agence-rudaz.ch\/wp-content\/uploads\/2023\/07\/Facebook_thyon.ch_3-300&#215;200.jpg&#8221; title_text=&#8221;Facebook_thyon.ch_3&#8243; url=&#8221;https:\/\/www.instagram.com\/thyonregion\/&#8221; align=&#8221;center&#8221; admin_label=&#8221;Image&#8221; _builder_version=&#8221;4.21.0&#8243; _module_preset=&#8221;default&#8221; box_shadow_style=&#8221;preset3&#8243; global_colors_info=&#8221;{}&#8221;][\/et_pb_image][\/et_pb_column][et_pb_column type=&#8221;1_2&#8243; _builder_version=&#8221;4.21.0&#8243; custom_padding=&#8221;|40px||40px&#8221; global_colors_info=&#8221;{}&#8221; custom_padding__hover=&#8221;|||&#8221;][et_pb_image src=&#8221;https:\/\/agence-rudaz.ch\/wp-content\/uploads\/2023\/07\/AdobeStock_466740391_Preview-300&#215;200.jpeg&#8221; title_text=&#8221;AdobeStock_466740391_Preview&#8221; url=&#8221;https:\/\/www.instagram.com\/thyonregion\/&#8221; align=&#8221;center&#8221; admin_label=&#8221;Image&#8221; _builder_version=&#8221;4.21.0&#8243; _module_preset=&#8221;default&#8221; custom_padding=&#8221;36px|||||&#8221; box_shadow_style=&#8221;preset3&#8243; global_colors_info=&#8221;{}&#8221;][\/et_pb_image][et_pb_text _builder_version=&#8221;4.21.0&#8243; _module_preset=&#8221;default&#8221; header_2_text_align=&#8221;center&#8221; min_height=&#8221;187.6px&#8221; custom_margin=&#8221;68px||64px|||&#8221; global_colors_info=&#8221;{}&#8221;]<\/p>\n<p style=\"text-align: center;\"><span style=\"font-size: 20px;\"><strong>In summer<\/strong><\/span><\/p>\n<p style=\"text-align: center;\">In summer, the snow gives way to green mountains. This is the season for hiking, cycling, mountain scooters, horse riding and cheese making.<\/p>\n<p style=\"text-align: center;\">The resort also offers relaxation and meditation breaks, an educational trail to explore the flora and fauna, and an opportunity to learn how to make raclette cheese.<\/p>\n<p>[\/et_pb_text][\/et_pb_column][\/et_pb_row][et_pb_row _builder_version=&#8221;4.21.0&#8243; _module_preset=&#8221;default&#8221; min_height=&#8221;195.2px&#8221; global_colors_info=&#8221;{}&#8221;][et_pb_column type=&#8221;4_4&#8243; _builder_version=&#8221;4.21.0&#8243; _module_preset=&#8221;default&#8221; global_colors_info=&#8221;{}&#8221;][et_pb_text _builder_version=&#8221;4.21.0&#8243; _module_preset=&#8221;default&#8221; header_2_text_align=&#8221;center&#8221; background_color=&#8221;RGBA(255,255,255,0)&#8221; global_colors_info=&#8221;{}&#8221;]<\/p>\n<p style=\"text-align: center;\"><span style=\"font-size: 20px;\"><strong>In a few words<\/strong><\/span><\/p>\n<p style=\"text-align: center;\">Thyon is a place where families will find activities for everyone and where mountain enthusiasts can enjoy the mountains 365 days a year.<\/p>\n<p style=\"text-align: center;\">A quiet village with all amenities and direct access to the mountains.<\/p>\n<p style=\"text-align: center;\">For more information, visit the<a href=\"http:\/\/www.thyon.ch\" target=\"_blank\" rel=\"noopener\">Thyon tourist office<\/a>.<\/p>\n<p>[\/et_pb_text][\/et_pb_column][\/et_pb_row][\/et_pb_section][et_pb_section fb_built=&#8221;1&#8243; _builder_version=&#8221;4.21.0&#8243; background_color=&#8221;RGBA(255,255,255,0)&#8221; background_enable_image=&#8221;off&#8221; custom_padding=&#8221;54px|0px|33px|0px||&#8221; global_colors_info=&#8221;{}&#8221;][et_pb_row column_structure=&#8221;1_2,1_2&#8243; _builder_version=&#8221;4.21.0&#8243; _module_preset=&#8221;default&#8221; border_color_all=&#8221;RGBA(255,255,255,0)&#8221; border_style_all=&#8221;none&#8221; global_colors_info=&#8221;{}&#8221;][et_pb_column type=&#8221;1_2&#8243; _builder_version=&#8221;4.21.0&#8243; _module_preset=&#8221;default&#8221; global_colors_info=&#8221;{}&#8221;][et_pb_button button_url=&#8221;https:\/\/www.thyon.ch\/ete\/a-faire-sur-place\/agenda\/agenda-des-evenements\/&#8221; url_new_window=&#8221;on&#8221; button_text=&#8221;Events calendar&#8221; button_alignment=&#8221;center&#8221; _builder_version=&#8221;4.22.1&#8243; _module_preset=&#8221;default&#8221; custom_button=&#8221;on&#8221; button_icon=&#8221;&#x26;||divi||400&#8243; global_colors_info=&#8221;{}&#8221;][\/et_pb_button][\/et_pb_column][et_pb_column type=&#8221;1_2&#8243; _builder_version=&#8221;4.21.0&#8243; _module_preset=&#8221;default&#8221; global_colors_info=&#8221;{}&#8221;][et_pb_button button_url=&#8221;https:\/\/www.thyon.ch\/ete\/en-live\/webcam\/&#8221; url_new_window=&#8221;on&#8221; button_text=&#8221;Thyon webcams&#8221; button_alignment=&#8221;center&#8221; _builder_version=&#8221;4.22.1&#8243; _module_preset=&#8221;default&#8221; custom_button=&#8221;on&#8221; button_icon=&#8221;&#x26;||divi||400&#8243; global_colors_info=&#8221;{}&#8221;][\/et_pb_button][\/et_pb_column][\/et_pb_row][\/et_pb_section]<\/p>\n","protected":false},"excerpt":{"rendered":"<p>ThyonLocation Thyon is a Swiss village in the Val d&#8217;H\u00e9rens, part of the municipality of Vex in the Valais. Dominated by the Matterhorn and the Dent-Blanche, peaks over 4000m high, the resort offers superb panoramic views of the Bernese, Valais and Vaud Alps. Situated at an altitude of 2,100 m, it is part of the [&hellip;]<\/p>\n","protected":false},"author":3,"featured_media":0,"parent":0,"menu_order":0,"comment_status":"closed","ping_status":"closed","template":"","meta":{"_et_pb_use_builder":"on","_et_pb_old_content":"","_et_gb_content_width":"","footnotes":""},"class_list":["post-1950","page","type-page","status-publish","hentry"],"yoast_head":"<!-- This site is optimized with the Yoast SEO plugin v27.3 - https:\/\/yoast.com\/product\/yoast-seo-wordpress\/ -->\n<title>Thyon - Agence Immobili\u00e8re Rudaz<\/title>\n<meta name=\"description\" content=\"Thyon 4 vall\u00e9es is an alpine ski resort linked to the 4 vall\u00e9es ski area, as well as a summer sports resort.\" \/>\n<meta name=\"robots\" content=\"index, follow, max-snippet:-1, max-image-preview:large, max-video-preview:-1\" \/>\n<link rel=\"canonical\" href=\"http:\/\/agence-rudaz.ch\/en\/thyon\/\" \/>\n<meta property=\"og:locale\" content=\"en_US\" \/>\n<meta property=\"og:type\" content=\"article\" \/>\n<meta property=\"og:title\" content=\"Thyon - Agence Immobili\u00e8re Rudaz\" \/>\n<meta property=\"og:description\" content=\"Thyon 4 vall\u00e9es is an alpine ski resort linked to the 4 vall\u00e9es ski area, as well as a summer sports resort.\" \/>\n<meta property=\"og:url\" content=\"http:\/\/agence-rudaz.ch\/en\/thyon\/\" \/>\n<meta property=\"og:site_name\" content=\"Agence Immobili\u00e8re Rudaz\" \/>\n<meta property=\"article:publisher\" content=\"https:\/\/www.facebook.com\/agencerudaz\" \/>\n<meta property=\"article:modified_time\" content=\"2023-12-06T14:56:17+00:00\" \/>\n<meta property=\"og:image\" content=\"http:\/\/agence-rudaz.ch\/wp-content\/uploads\/2023\/12\/agence-immobiliere-rudaz.jpg\" \/>\n\t<meta property=\"og:image:width\" content=\"1200\" \/>\n\t<meta property=\"og:image:height\" content=\"675\" \/>\n\t<meta property=\"og:image:type\" content=\"image\/jpeg\" \/>\n<meta name=\"twitter:card\" content=\"summary_large_image\" \/>\n<meta name=\"twitter:label1\" content=\"Est. reading time\" \/>\n\t<meta name=\"twitter:data1\" content=\"5 minutes\" \/>\n<script type=\"application\/ld+json\" class=\"yoast-schema-graph\">{\"@context\":\"https:\\\/\\\/schema.org\",\"@graph\":[{\"@type\":\"WebPage\",\"@id\":\"http:\\\/\\\/agence-rudaz.ch\\\/en\\\/thyon\\\/\",\"url\":\"http:\\\/\\\/agence-rudaz.ch\\\/en\\\/thyon\\\/\",\"name\":\"Thyon - Agence Immobili\u00e8re Rudaz\",\"isPartOf\":{\"@id\":\"https:\\\/\\\/agence-rudaz.ch\\\/en\\\/#website\"},\"datePublished\":\"2023-07-05T10:33:06+00:00\",\"dateModified\":\"2023-12-06T14:56:17+00:00\",\"description\":\"Thyon 4 vall\u00e9es is an alpine ski resort linked to the 4 vall\u00e9es ski area, as well as a summer sports resort.\",\"breadcrumb\":{\"@id\":\"http:\\\/\\\/agence-rudaz.ch\\\/en\\\/thyon\\\/#breadcrumb\"},\"inLanguage\":\"en-US\",\"potentialAction\":[{\"@type\":\"ReadAction\",\"target\":[\"http:\\\/\\\/agence-rudaz.ch\\\/en\\\/thyon\\\/\"]}]},{\"@type\":\"BreadcrumbList\",\"@id\":\"http:\\\/\\\/agence-rudaz.ch\\\/en\\\/thyon\\\/#breadcrumb\",\"itemListElement\":[{\"@type\":\"ListItem\",\"position\":1,\"name\":\"Accueil\",\"item\":\"https:\\\/\\\/agence-rudaz.ch\\\/en\\\/\"},{\"@type\":\"ListItem\",\"position\":2,\"name\":\"Thyon\"}]},{\"@type\":\"WebSite\",\"@id\":\"https:\\\/\\\/agence-rudaz.ch\\\/en\\\/#website\",\"url\":\"https:\\\/\\\/agence-rudaz.ch\\\/en\\\/\",\"name\":\"Agence Immobili\u00e8re Rudaz\",\"description\":\"Thyon-Les Collons Valais Suisse\",\"publisher\":{\"@id\":\"https:\\\/\\\/agence-rudaz.ch\\\/en\\\/#organization\"},\"potentialAction\":[{\"@type\":\"SearchAction\",\"target\":{\"@type\":\"EntryPoint\",\"urlTemplate\":\"https:\\\/\\\/agence-rudaz.ch\\\/en\\\/?s={search_term_string}\"},\"query-input\":{\"@type\":\"PropertyValueSpecification\",\"valueRequired\":true,\"valueName\":\"search_term_string\"}}],\"inLanguage\":\"en-US\"},{\"@type\":\"Organization\",\"@id\":\"https:\\\/\\\/agence-rudaz.ch\\\/en\\\/#organization\",\"name\":\"Agence Immobili\u00e8re Rudaz\",\"url\":\"https:\\\/\\\/agence-rudaz.ch\\\/en\\\/\",\"logo\":{\"@type\":\"ImageObject\",\"inLanguage\":\"en-US\",\"@id\":\"https:\\\/\\\/agence-rudaz.ch\\\/en\\\/#\\\/schema\\\/logo\\\/image\\\/\",\"url\":\"https:\\\/\\\/agence-rudaz.ch\\\/wp-content\\\/uploads\\\/2023\\\/03\\\/logo-ag-rudaz.png\",\"contentUrl\":\"https:\\\/\\\/agence-rudaz.ch\\\/wp-content\\\/uploads\\\/2023\\\/03\\\/logo-ag-rudaz.png\",\"width\":500,\"height\":277,\"caption\":\"Agence Immobili\u00e8re Rudaz\"},\"image\":{\"@id\":\"https:\\\/\\\/agence-rudaz.ch\\\/en\\\/#\\\/schema\\\/logo\\\/image\\\/\"},\"sameAs\":[\"https:\\\/\\\/www.facebook.com\\\/agencerudaz\",\"https:\\\/\\\/www.instagram.com\\\/agencerudaz\\\/\"]}]}<\/script>\n<!-- \/ Yoast SEO plugin. -->","yoast_head_json":{"title":"Thyon - Agence Immobili\u00e8re Rudaz","description":"Thyon 4 vall\u00e9es is an alpine ski resort linked to the 4 vall\u00e9es ski area, as well as a summer sports resort.","robots":{"index":"index","follow":"follow","max-snippet":"max-snippet:-1","max-image-preview":"max-image-preview:large","max-video-preview":"max-video-preview:-1"},"canonical":"http:\/\/agence-rudaz.ch\/en\/thyon\/","og_locale":"en_US","og_type":"article","og_title":"Thyon - Agence Immobili\u00e8re Rudaz","og_description":"Thyon 4 vall\u00e9es is an alpine ski resort linked to the 4 vall\u00e9es ski area, as well as a summer sports resort.","og_url":"http:\/\/agence-rudaz.ch\/en\/thyon\/","og_site_name":"Agence Immobili\u00e8re Rudaz","article_publisher":"https:\/\/www.facebook.com\/agencerudaz","article_modified_time":"2023-12-06T14:56:17+00:00","og_image":[{"width":1200,"height":675,"url":"http:\/\/agence-rudaz.ch\/wp-content\/uploads\/2023\/12\/agence-immobiliere-rudaz.jpg","type":"image\/jpeg"}],"twitter_card":"summary_large_image","twitter_misc":{"Est. reading time":"5 minutes"},"schema":{"@context":"https:\/\/schema.org","@graph":[{"@type":"WebPage","@id":"http:\/\/agence-rudaz.ch\/en\/thyon\/","url":"http:\/\/agence-rudaz.ch\/en\/thyon\/","name":"Thyon - Agence Immobili\u00e8re Rudaz","isPartOf":{"@id":"https:\/\/agence-rudaz.ch\/en\/#website"},"datePublished":"2023-07-05T10:33:06+00:00","dateModified":"2023-12-06T14:56:17+00:00","description":"Thyon 4 vall\u00e9es is an alpine ski resort linked to the 4 vall\u00e9es ski area, as well as a summer sports resort.","breadcrumb":{"@id":"http:\/\/agence-rudaz.ch\/en\/thyon\/#breadcrumb"},"inLanguage":"en-US","potentialAction":[{"@type":"ReadAction","target":["http:\/\/agence-rudaz.ch\/en\/thyon\/"]}]},{"@type":"BreadcrumbList","@id":"http:\/\/agence-rudaz.ch\/en\/thyon\/#breadcrumb","itemListElement":[{"@type":"ListItem","position":1,"name":"Accueil","item":"https:\/\/agence-rudaz.ch\/en\/"},{"@type":"ListItem","position":2,"name":"Thyon"}]},{"@type":"WebSite","@id":"https:\/\/agence-rudaz.ch\/en\/#website","url":"https:\/\/agence-rudaz.ch\/en\/","name":"Agence Immobili\u00e8re Rudaz","description":"Thyon-Les Collons Valais Suisse","publisher":{"@id":"https:\/\/agence-rudaz.ch\/en\/#organization"},"potentialAction":[{"@type":"SearchAction","target":{"@type":"EntryPoint","urlTemplate":"https:\/\/agence-rudaz.ch\/en\/?s={search_term_string}"},"query-input":{"@type":"PropertyValueSpecification","valueRequired":true,"valueName":"search_term_string"}}],"inLanguage":"en-US"},{"@type":"Organization","@id":"https:\/\/agence-rudaz.ch\/en\/#organization","name":"Agence Immobili\u00e8re Rudaz","url":"https:\/\/agence-rudaz.ch\/en\/","logo":{"@type":"ImageObject","inLanguage":"en-US","@id":"https:\/\/agence-rudaz.ch\/en\/#\/schema\/logo\/image\/","url":"https:\/\/agence-rudaz.ch\/wp-content\/uploads\/2023\/03\/logo-ag-rudaz.png","contentUrl":"https:\/\/agence-rudaz.ch\/wp-content\/uploads\/2023\/03\/logo-ag-rudaz.png","width":500,"height":277,"caption":"Agence Immobili\u00e8re Rudaz"},"image":{"@id":"https:\/\/agence-rudaz.ch\/en\/#\/schema\/logo\/image\/"},"sameAs":["https:\/\/www.facebook.com\/agencerudaz","https:\/\/www.instagram.com\/agencerudaz\/"]}]}},"_links":{"self":[{"href":"http:\/\/agence-rudaz.ch\/en\/wp-json\/wp\/v2\/pages\/1950","targetHints":{"allow":["GET"]}}],"collection":[{"href":"http:\/\/agence-rudaz.ch\/en\/wp-json\/wp\/v2\/pages"}],"about":[{"href":"http:\/\/agence-rudaz.ch\/en\/wp-json\/wp\/v2\/types\/page"}],"author":[{"embeddable":true,"href":"http:\/\/agence-rudaz.ch\/en\/wp-json\/wp\/v2\/users\/3"}],"replies":[{"embeddable":true,"href":"http:\/\/agence-rudaz.ch\/en\/wp-json\/wp\/v2\/comments?post=1950"}],"version-history":[{"count":5,"href":"http:\/\/agence-rudaz.ch\/en\/wp-json\/wp\/v2\/pages\/1950\/revisions"}],"predecessor-version":[{"id":2177,"href":"http:\/\/agence-rudaz.ch\/en\/wp-json\/wp\/v2\/pages\/1950\/revisions\/2177"}],"wp:attachment":[{"href":"http:\/\/agence-rudaz.ch\/en\/wp-json\/wp\/v2\/media?parent=1950"}],"curies":[{"name":"wp","href":"https:\/\/api.w.org\/{rel}","templated":true}]}}